 {"id":61,"date":"2025-09-22T14:46:15","date_gmt":"2025-09-22T14:46:15","guid":{"rendered":"http:\/\/atelierevrard.com\/index.php\/remodeling\/"},"modified":"2026-01-13T13:39:26","modified_gmt":"2026-01-13T13:39:26","slug":"homepage","status":"publish","type":"page","link":"https:\/\/atelierevrard.com\/","title":{"rendered":"Homepage"},"content":{"rendered":"\t\t<div data-elementor-type=\"wp-page\" data-elementor-id=\"61\" class=\"elementor elementor-61\" data-elementor-post-type=\"page\">\n\t\t\t\t<div class=\"e-con-height-full elementor-element elementor-element-6cb1e090 e-con-full e-flex sc_layouts_column_icons_position_left animation_type_block elementor-invisible e-con e-parent\" data-animation-type=\"block\" data-id=\"6cb1e090\" data-element_type=\"container\" data-e-type=\"container\" data-settings=\"{&quot;background_background&quot;:&quot;classic&quot;,&quot;animation&quot;:&quot;ta_fadein&quot;}\">\n\t\t<div class=\"elementor-element elementor-element-48e5b7a5 e-con-full e-flex sc_layouts_column_icons_position_left e-con e-child\" data-id=\"48e5b7a5\" data-element_type=\"container\" data-e-type=\"container\">\n\t\t<div class=\"elementor-element elementor-element-7882ed87 e-con-full e-flex sc_layouts_column_icons_position_left e-con e-child\" data-id=\"7882ed87\" data-element_type=\"container\" data-e-type=\"container\">\n\t\t\t\t<div data-animation-type=\"char\" data-animation-stagger=\"8\" class=\"elementor-element elementor-element-62a11f9a elementor-widget__width-initial animation_type_char sc_fly_static elementor-invisible elementor-widget elementor-widget-heading\" data-id=\"62a11f9a\" data-element_type=\"widget\" data-e-type=\"widget\" data-settings=\"{&quot;_animation&quot;:&quot;ta_fadeinup&quot;}\" data-widget_type=\"heading.default\">\n\t\t\t\t\t<h2 class=\"elementor-heading-title elementor-size-default\">Bijouterie &amp; horlogerie <br>artisanale \u00e0 Namur<\/h2>\t\t\t\t<\/div>\n\t\t\t\t<div data-animation-type=\"block\" class=\"elementor-element elementor-element-6bd4fde1 elementor-widget__width-initial animation_type_block sc_fly_static elementor-invisible elementor-widget elementor-widget-text-editor\" data-id=\"6bd4fde1\" data-element_type=\"widget\" data-e-type=\"widget\" data-settings=\"{&quot;_animation&quot;:&quot;ta_fadeinup&quot;,&quot;_animation_delay&quot;:200}\" data-widget_type=\"text-editor.default\">\n\t\t\t\t\t\t\t\t\tL\u2019Atelier Evrard r\u00e9unit le savoir-faire d\u2019un artisan form\u00e9 dans une grande maison bruxelloise et la s\u00e9lection exigeante d\u2019une bijouterie-horlogerie contemporaine \u00e0 Namur.<br><br>\nMathieu Evrard cr\u00e9e \u00e0 Namur un atelier d\u00e9di\u00e9 \u00e0 une bijouterie-horlogerie soign\u00e9e, o\u00f9 chaque intervention \u2014 r\u00e9paration, entretien ou cr\u00e9ation \u2014 b\u00e9n\u00e9ficie d\u2019une expertise ma\u00eetris\u00e9e.\t\t\t\t\t\t\t\t<\/div>\n\t\t\t\t<\/div>\n\t\t\t\t<\/div>\n\t\t\t\t<\/div>\n\t\t<div class=\"elementor-element elementor-element-7017e757 e-flex e-con-boxed sc_layouts_column_icons_position_left e-con e-parent\" data-id=\"7017e757\" data-element_type=\"container\" data-e-type=\"container\">\n\t\t\t\t\t<div class=\"e-con-inner\">\n\t\t<div class=\"elementor-element elementor-element-a057dec e-con-full e-flex sc_layouts_column_icons_position_left e-con e-child\" data-id=\"a057dec\" data-element_type=\"container\" data-e-type=\"container\">\n\t\t\t\t<div data-animation-type=\"block\" class=\"elementor-element elementor-element-4282c96 animation_type_block sc_fly_static elementor-invisible elementor-widget elementor-widget-heading\" data-id=\"4282c96\" data-element_type=\"widget\" data-e-type=\"widget\" data-settings=\"{&quot;_animation&quot;:&quot;ta_fadeinup&quot;}\" data-widget_type=\"heading.default\">\n\t\t\t\t\t<h6 class=\"elementor-heading-title elementor-size-default\">L\u2019Atelier Evrard<\/h6>\t\t\t\t<\/div>\n\t\t\t\t<div data-animation-type=\"block\" class=\"elementor-element elementor-element-38b82d9 elementor-widget__width-initial animation_type_block sc_fly_static elementor-invisible elementor-widget elementor-widget-heading\" data-id=\"38b82d9\" data-element_type=\"widget\" data-e-type=\"widget\" data-settings=\"{&quot;_animation&quot;:&quot;ta_fadeinup&quot;,&quot;_animation_delay&quot;:100}\" data-widget_type=\"heading.default\">\n\t\t\t\t\t<h2 class=\"elementor-heading-title elementor-size-default\">Expertise, proximit\u00e9\n<br>et savoir-faire<\/h2>\t\t\t\t<\/div>\n\t\t\t\t<div data-animation-type=\"block\" class=\"elementor-element elementor-element-ea1bef7 elementor-widget__width-initial animation_type_block sc_fly_static elementor-invisible elementor-widget elementor-widget-text-editor\" data-id=\"ea1bef7\" data-element_type=\"widget\" data-e-type=\"widget\" data-settings=\"{&quot;_animation&quot;:&quot;ta_fadeinup&quot;,&quot;_animation_delay&quot;:100}\" data-widget_type=\"text-editor.default\">\n\t\t\t\t\t\t\t\t\t<p>Dans cette bijouterie-horlogerie de Namur, chaque bijou et chaque montre<br \/>sont s\u00e9lectionn\u00e9s pour leur qualit\u00e9, leur fiabilit\u00e9 et la sobri\u00e9t\u00e9 de leur design.<br \/>Vous y d\u00e9couvrirez des bijoux et montres issus de maisons reconnues,<br \/>ainsi qu\u2019un espace d\u00e9di\u00e9 aux cr\u00e9ations artisanales :<br \/>pi\u00e8ces uniques, transformations et projets sur mesure.<\/p>\t\t\t\t\t\t\t\t<\/div>\n\t\t\t\t<\/div>\n\t\t\t\t\t<\/div>\n\t\t\t\t<\/div>\n\t\t<div class=\"e-con-gap-no trx_addons_has_bg_text elementor-element elementor-element-62d47a6 e-con-full e-flex sc_layouts_column_icons_position_left e-con e-child\" data-bg-text=\"{&quot;bg_text&quot;:&quot;BIJOUTERIE HORLOGERIE SERVICES&quot;,&quot;bg_text_effect&quot;:&quot;none&quot;,&quot;bg_text_overlay&quot;:{&quot;url&quot;:&quot;&quot;},&quot;bg_text_left&quot;:{&quot;size&quot;:&quot;&quot;,&quot;unit&quot;:&quot;%&quot;},&quot;bg_text_top&quot;:{&quot;size&quot;:&quot;&quot;,&quot;unit&quot;:&quot;%&quot;},&quot;bg_text_z_index&quot;:{&quot;size&quot;:&quot;0&quot;,&quot;unit&quot;:&quot;px&quot;},&quot;bg_text_marquee&quot;:{&quot;unit&quot;:&quot;px&quot;,&quot;size&quot;:7,&quot;sizes&quot;:[]},&quot;bg_text_marquee_hover&quot;:&quot;&quot;,&quot;bg_text_marquee_margin&quot;:{&quot;unit&quot;:&quot;%&quot;,&quot;size&quot;:6,&quot;sizes&quot;:[]},&quot;bg_text_reverse&quot;:0,&quot;bg_text_accelerate&quot;:0,&quot;bg_text_delimiter_icon&quot;:&quot;&quot;,&quot;bg_text_delimiter_image&quot;:&quot;&quot;,&quot;bg_text_delimiter_svg&quot;:&quot;&quot;,&quot;bg_text_delimiter_rotation&quot;:0}\" data-id=\"62d47a6\" data-element_type=\"container\" data-e-type=\"container\">\n\t\t\t\t<\/div>\n\t\t<div class=\"elementor-element elementor-element-2ed9e880 e-con-full e-flex sc_layouts_column_icons_position_left e-con e-parent\" data-id=\"2ed9e880\" data-element_type=\"container\" data-e-type=\"container\">\n\t\t\t\t<div data-animation-type=\"block\" class=\"elementor-element elementor-element-b128087 trx-addons-image-accordion-stack-on-mobile trx-addons-image-accordion-orientation-vertical animation_type_block sc_fly_static elementor-invisible elementor-widget elementor-widget-trx_elm_image_accordion\" data-id=\"b128087\" data-element_type=\"widget\" data-e-type=\"widget\" data-settings=\"{&quot;stack_on&quot;:&quot;mobile&quot;,&quot;_animation&quot;:&quot;ta_fadeinup&quot;,&quot;accordion_action&quot;:&quot;on-hover&quot;,&quot;orientation&quot;:&quot;vertical&quot;,&quot;disable_body_click&quot;:&quot;no&quot;}\" data-widget_type=\"trx_elm_image_accordion.default\">\n\t\t\t\t<div class=\"elementor-widget-container\">\n\t\t\t\t\t\t\t\t<div class=\"trx-addons-image-accordion trx-addons-image-accordion-on-hover trx-addons-image-accordion-below\" id=\"trx-addons-image-accordion-b128087\">\n\t\t\t\t\t\t\t\t\t\t\t\t\t\t\t\t\t\t\t\t<div class=\"trx-addons-image-accordion-item elementor-repeater-item-a1b8d3e\">\n\t\t\t\t\t\t\t\t\t\t\t\t\t\t\t<a class=\"trx-addons-image-accordion-shadow-link\" href=\"http:\/\/atelierevrard.com\/?page_id=43\"><\/a>\n\t\t\t\t\t\t\t\t\t\t\t\t\t\t<div class=\"trx-addons-image-accordion-item-inner\" style=\"background-image: url(https:\/\/atelierevrard.com\/wp-content\/uploads\/2025\/12\/bijoux.png);\"><\/div>\n\t\t\t\t\t\t\t<div class=\"trx-addons-image-accordion-below-content\">\n\t\t\t\t\t\t\t\t<div class=\"trx-addons-image-accordion-content-wrap\">\n\t\t\t\t\t\t\t\t\t<div class=\"trx-addons-image-accordion-content\">\n\t\t\t\t\t\t\t\t\t\t\t\t\t\t\t\t\t\t\t\t<h1 class=\"trx-addons-image-accordion-title\">\n\t\t\t\t\t\t\t\t\t\t\tBIJOUX\t\t\t\t\t\t\t\t\t\t<\/h1>\n\t\t\t\t\t\t\t\t\t\t<div class=\"trx-addons-image-accordion-description\">\n\t\t\t\t\t\t\t\t\t\t\t\t\t\t\t\t\t\t\t\t\t<\/div>\n\t\t\t\t\t\t\t\t\t\t\t\t\t\t\t\t\t\t\t<\/div>\n\t\t\t\t\t\t\t\t<\/div>\n\t\t\t\t\t\t\t<\/div>\n\t\t\t\t\t\t<\/div>\n\t\t\t\t\t\t\t\t\t\t\t\t\t\t\t\t\t\t\t\t\t\t\t\t\t<div class=\"trx-addons-image-accordion-item elementor-repeater-item-0b66301\">\n\t\t\t\t\t\t\t\t\t\t\t\t\t\t\t<a class=\"trx-addons-image-accordion-shadow-link\" href=\"http:\/\/atelierevrard.com\/?page_id=339\"><\/a>\n\t\t\t\t\t\t\t\t\t\t\t\t\t\t<div class=\"trx-addons-image-accordion-item-inner\" style=\"background-image: url(https:\/\/atelierevrard.com\/wp-content\/uploads\/2025\/12\/horlogerie.png);\"><\/div>\n\t\t\t\t\t\t\t<div class=\"trx-addons-image-accordion-below-content\">\n\t\t\t\t\t\t\t\t<div class=\"trx-addons-image-accordion-content-wrap\">\n\t\t\t\t\t\t\t\t\t<div class=\"trx-addons-image-accordion-content\">\n\t\t\t\t\t\t\t\t\t\t\t\t\t\t\t\t\t\t\t\t<h1 class=\"trx-addons-image-accordion-title\">\n\t\t\t\t\t\t\t\t\t\t\tHORLOGERIE\t\t\t\t\t\t\t\t\t\t<\/h1>\n\t\t\t\t\t\t\t\t\t\t<div class=\"trx-addons-image-accordion-description\">\n\t\t\t\t\t\t\t\t\t\t\t\t\t\t\t\t\t\t\t\t\t<\/div>\n\t\t\t\t\t\t\t\t\t\t\t\t\t\t\t\t\t\t\t<\/div>\n\t\t\t\t\t\t\t\t<\/div>\n\t\t\t\t\t\t\t<\/div>\n\t\t\t\t\t\t<\/div>\n\t\t\t\t\t\t\t\t\t\t\t\t\t\t\t\t\t\t\t\t\t\t\t\t\t<div class=\"trx-addons-image-accordion-item elementor-repeater-item-a481eab\">\n\t\t\t\t\t\t\t\t\t\t\t\t\t\t\t<a class=\"trx-addons-image-accordion-shadow-link\" href=\"http:\/\/atelierevrard.com\/?page_id=58\"><\/a>\n\t\t\t\t\t\t\t\t\t\t\t\t\t\t<div class=\"trx-addons-image-accordion-item-inner\" style=\"background-image: url(https:\/\/atelierevrard.com\/wp-content\/uploads\/2025\/12\/services.png);\"><\/div>\n\t\t\t\t\t\t\t<div class=\"trx-addons-image-accordion-below-content\">\n\t\t\t\t\t\t\t\t<div class=\"trx-addons-image-accordion-content-wrap\">\n\t\t\t\t\t\t\t\t\t<div class=\"trx-addons-image-accordion-content\">\n\t\t\t\t\t\t\t\t\t\t\t\t\t\t\t\t\t\t\t\t<h1 class=\"trx-addons-image-accordion-title\">\n\t\t\t\t\t\t\t\t\t\t\tSERVICES\t\t\t\t\t\t\t\t\t\t<\/h1>\n\t\t\t\t\t\t\t\t\t\t<div class=\"trx-addons-image-accordion-description\">\n\t\t\t\t\t\t\t\t\t\t\t\t\t\t\t\t\t\t\t\t\t<\/div>\n\t\t\t\t\t\t\t\t\t\t\t\t\t\t\t\t\t\t\t<\/div>\n\t\t\t\t\t\t\t\t<\/div>\n\t\t\t\t\t\t\t<\/div>\n\t\t\t\t\t\t<\/div>\n\t\t\t\t\t\t\t\t\t\t\t\t<\/div>\n\t\t\t\t\t\t<\/div>\n\t\t\t\t<\/div>\n\t\t\t\t<\/div>\n\t\t<div class=\"elementor-element elementor-element-70f2febe e-flex e-con-boxed sc_layouts_column_icons_position_left e-con e-parent\" data-id=\"70f2febe\" data-element_type=\"container\" data-e-type=\"container\">\n\t\t\t\t\t<div class=\"e-con-inner\">\n\t\t<div class=\"elementor-element elementor-element-1251b573 e-con-full e-flex sc_layouts_column_icons_position_left e-con e-child\" data-id=\"1251b573\" data-element_type=\"container\" data-e-type=\"container\">\n\t\t\t\t<div data-animation-type=\"block\" class=\"elementor-element elementor-element-10bcd2d animation_type_block sc_fly_static elementor-invisible elementor-widget elementor-widget-heading\" data-id=\"10bcd2d\" data-element_type=\"widget\" data-e-type=\"widget\" data-settings=\"{&quot;_animation&quot;:&quot;ta_fadeinup&quot;}\" data-widget_type=\"heading.default\">\n\t\t\t\t\t<h1 class=\"elementor-heading-title elementor-size-default\">MATHIEU EVRARD<\/h1>\t\t\t\t<\/div>\n\t\t\t\t<\/div>\n\t\t<div class=\"elementor-element elementor-element-2ab873f e-con-full e-flex sc_layouts_column_icons_position_left e-con e-child\" data-id=\"2ab873f\" data-element_type=\"container\" data-e-type=\"container\">\n\t\t\t\t<div data-animation-type=\"block\" class=\"elementor-element elementor-element-1e4a78ae trx-addons-animate animation_type_block sc_fly_static elementor-invisible elementor-widget elementor-widget-trx_elm_advanced_title\" data-id=\"1e4a78ae\" data-element_type=\"widget\" data-e-type=\"widget\" data-settings=\"{&quot;_animation&quot;:&quot;ta_fadeinup&quot;,&quot;_animation_delay&quot;:100}\" data-widget_type=\"trx_elm_advanced_title.default\">\n\t\t\t\t<div class=\"elementor-widget-container\">\n\t\t\t\t\t<p class=\"trx-addons-advanced-title\" style=\"--var-trx-addons-advanced-title-highlight-animation-duration: 2000ms;\">\n<span class=\"trx-addons-advanced-title-item trx-addons-advanced-title-item-text elementor-repeater-item-b977371\">Form\u00e9 dans une grande maison bruxelloise, Mathieu Evrard met son savoir-faire au service de chaque pi\u00e8ce : r\u00e9paration, cr\u00e9ation ou transformation.\n\nUn atelier local o\u00f9 pr\u00e9cision, discr\u00e9tion et conseil sont au c\u0153ur de l\u2019accompagnement. L\u2019Atelier Evrard est un espace d\u00e9di\u00e9 aux bijoux et aux montres choisis pour leur qualit\u00e9, leur pr\u00e9cision et la sobri\u00e9t\u00e9 de leurs lignes.<\/span><\/p>\t\t\t\t<\/div>\n\t\t\t\t<\/div>\n\t\t\t\t<div data-animation-type=\"block\" class=\"elementor-element elementor-element-fde748e animation_type_block sc_fly_static elementor-invisible elementor-widget elementor-widget-button\" data-id=\"fde748e\" data-element_type=\"widget\" data-e-type=\"widget\" data-settings=\"{&quot;_animation&quot;:&quot;ta_fadeinup&quot;}\" data-widget_type=\"button.default\">\n\t\t\t\t\t\t\t\t\t\t<a class=\"elementor-button elementor-button-link elementor-size-sm\" href=\"http:\/\/atelierevrard.com\/?page_id=45\">\n\t\t\t\t\t\t<span class=\"elementor-button-content-wrapper\">\n\t\t\t\t\t\t\t\t\t<span class=\"elementor-button-text\">D\u00e9couvrir l'Atelier<\/span>\n\t\t\t\t\t<\/span>\n\t\t\t\t\t<\/a>\n\t\t\t\t\t\t\t\t<\/div>\n\t\t\t\t<\/div>\n\t\t\t\t\t<\/div>\n\t\t\t\t<\/div>\n\t\t<div class=\"elementor-element elementor-element-6ba3ed6 e-flex e-con-boxed sc_layouts_column_icons_position_left e-con e-parent\" data-id=\"6ba3ed6\" data-element_type=\"container\" data-e-type=\"container\">\n\t\t\t\t\t<div class=\"e-con-inner\">\n\t\t<div class=\"elementor-element elementor-element-9f09fa4 e-con-full e-flex sc_layouts_column_icons_position_left e-con e-child\" data-id=\"9f09fa4\" data-element_type=\"container\" data-e-type=\"container\">\n\t\t\t\t<div data-animation-type=\"block\" class=\"elementor-element elementor-element-a43c6fa elementor-widget__width-initial animation_type_block sc_fly_static elementor-invisible elementor-widget elementor-widget-heading\" data-id=\"a43c6fa\" data-element_type=\"widget\" data-e-type=\"widget\" data-settings=\"{&quot;_animation&quot;:&quot;ta_fadeinup&quot;,&quot;_animation_delay&quot;:100}\" data-widget_type=\"heading.default\">\n\t\t\t\t\t<h2 class=\"elementor-heading-title elementor-size-default\">Bijoux, montres et services professionnels \u00e0 Namur<\/h2>\t\t\t\t<\/div>\n\t\t\t\t<div data-animation-type=\"block\" class=\"elementor-element elementor-element-c23e511 elementor-widget__width-initial animation_type_block sc_fly_static elementor-invisible elementor-widget elementor-widget-text-editor\" data-id=\"c23e511\" data-element_type=\"widget\" data-e-type=\"widget\" data-settings=\"{&quot;_animation&quot;:&quot;ta_fadeinup&quot;,&quot;_animation_delay&quot;:100}\" data-widget_type=\"text-editor.default\">\n\t\t\t\t\t\t\t\t\t<p>Que vous recherchiez une montre fiable, un bijou \u00e0 offrir, un bijou sur mesure<br \/>ou un service de r\u00e9paration \u00e0 Namur (r\u00e9paration de montre, changement de pile, gravure,<br \/>per\u00e7age d\u2019oreilles\u2026), l\u2019Atelier Evrard vous accompagne avec soin et discr\u00e9tion.<\/p>\t\t\t\t\t\t\t\t<\/div>\n\t\t\t\t<\/div>\n\t\t\t\t\t<\/div>\n\t\t\t\t<\/div>\n\t\t<div class=\"e-con-gap-no elementor-element elementor-element-555c73b7 e-con-full e-flex sc_layouts_column_icons_position_left e-con e-parent\" data-id=\"555c73b7\" data-element_type=\"container\" data-e-type=\"container\">\n\t\t<div data-animation-type=\"block\" class=\"elementor-element elementor-element-1df58fd6 e-con-full e-flex sc_layouts_column_icons_position_left animation_type_block elementor-invisible e-con e-child\" data-id=\"1df58fd6\" data-element_type=\"container\" data-e-type=\"container\" data-settings=\"{&quot;animation&quot;:&quot;ta_fadeinup&quot;}\">\n\t\t<div class=\"elementor-element elementor-element-44f38582 e-con-full e-flex sc_layouts_column_icons_position_left e-con e-child\" data-id=\"44f38582\" data-element_type=\"container\" data-e-type=\"container\">\n\t\t\t\t<div class=\"elementor-element elementor-element-5c57265 sc_fly_static elementor-widget elementor-widget-heading\" data-id=\"5c57265\" data-element_type=\"widget\" data-e-type=\"widget\" data-widget_type=\"heading.default\">\n\t\t\t\t\t<h3 class=\"elementor-heading-title elementor-size-default\">Proximit\u00e9<\/h3>\t\t\t\t<\/div>\n\t\t\t\t<\/div>\n\t\t<div class=\"elementor-element elementor-element-58b70d58 e-con-full e-flex sc_layouts_column_icons_position_left e-con e-child\" data-id=\"58b70d58\" data-element_type=\"container\" data-e-type=\"container\">\n\t\t\t\t<div class=\"elementor-element elementor-element-16d0d03 sc_fly_static elementor-widget elementor-widget-image\" data-id=\"16d0d03\" data-element_type=\"widget\" data-e-type=\"widget\" data-widget_type=\"image.default\">\n\t\t\t\t\t\t\t\t\t\t\t\t\t\t\t<img fetchpriority=\"high\" decoding=\"async\" width=\"1204\" height=\"360\" src=\"https:\/\/atelierevrard.com\/wp-content\/uploads\/2025\/12\/proximite.png\" class=\"attachment-full size-full wp-image-190\" alt=\"\" srcset=\"https:\/\/atelierevrard.com\/wp-content\/uploads\/2025\/12\/proximite.png 1204w, https:\/\/atelierevrard.com\/wp-content\/uploads\/2025\/12\/proximite-300x90.png 300w, https:\/\/atelierevrard.com\/wp-content\/uploads\/2025\/12\/proximite-1024x306.png 1024w, https:\/\/atelierevrard.com\/wp-content\/uploads\/2025\/12\/proximite-768x230.png 768w, https:\/\/atelierevrard.com\/wp-content\/uploads\/2025\/12\/proximite-370x111.png 370w, https:\/\/atelierevrard.com\/wp-content\/uploads\/2025\/12\/proximite-924x276.png 924w, https:\/\/atelierevrard.com\/wp-content\/uploads\/2025\/12\/proximite-410x123.png 410w\" sizes=\"(max-width: 1204px) 100vw, 1204px\" \/>\t\t\t\t\t\t\t\t\t\t\t\t\t\t\t<\/div>\n\t\t\t\t<\/div>\n\t\t\t\t<\/div>\n\t\t<div data-animation-type=\"block\" class=\"elementor-element elementor-element-5c353aa e-con-full e-flex sc_layouts_column_icons_position_left animation_type_block elementor-invisible e-con e-child\" data-id=\"5c353aa\" data-element_type=\"container\" data-e-type=\"container\" data-settings=\"{&quot;animation&quot;:&quot;ta_fadeinup&quot;}\">\n\t\t<div class=\"elementor-element elementor-element-5793776 e-con-full e-flex sc_layouts_column_icons_position_left e-con e-child\" data-id=\"5793776\" data-element_type=\"container\" data-e-type=\"container\">\n\t\t\t\t<div class=\"elementor-element elementor-element-da262ba sc_fly_static elementor-widget elementor-widget-heading\" data-id=\"da262ba\" data-element_type=\"widget\" data-e-type=\"widget\" data-widget_type=\"heading.default\">\n\t\t\t\t\t<h3 class=\"elementor-heading-title elementor-size-default\">Pr\u00e9cision<\/h3>\t\t\t\t<\/div>\n\t\t\t\t<\/div>\n\t\t<div class=\"elementor-element elementor-element-5612afb e-con-full e-flex sc_layouts_column_icons_position_left e-con e-child\" data-id=\"5612afb\" data-element_type=\"container\" data-e-type=\"container\">\n\t\t\t\t<div class=\"elementor-element elementor-element-11c3473 sc_fly_static elementor-widget elementor-widget-image\" data-id=\"11c3473\" data-element_type=\"widget\" data-e-type=\"widget\" data-widget_type=\"image.default\">\n\t\t\t\t\t\t\t\t\t\t\t\t\t\t\t<img decoding=\"async\" width=\"1204\" height=\"360\" src=\"https:\/\/atelierevrard.com\/wp-content\/uploads\/2025\/12\/precision.png\" class=\"attachment-full size-full wp-image-191\" alt=\"\" srcset=\"https:\/\/atelierevrard.com\/wp-content\/uploads\/2025\/12\/precision.png 1204w, https:\/\/atelierevrard.com\/wp-content\/uploads\/2025\/12\/precision-300x90.png 300w, https:\/\/atelierevrard.com\/wp-content\/uploads\/2025\/12\/precision-1024x306.png 1024w, https:\/\/atelierevrard.com\/wp-content\/uploads\/2025\/12\/precision-768x230.png 768w, https:\/\/atelierevrard.com\/wp-content\/uploads\/2025\/12\/precision-370x111.png 370w, https:\/\/atelierevrard.com\/wp-content\/uploads\/2025\/12\/precision-924x276.png 924w, https:\/\/atelierevrard.com\/wp-content\/uploads\/2025\/12\/precision-410x123.png 410w\" sizes=\"(max-width: 1204px) 100vw, 1204px\" \/>\t\t\t\t\t\t\t\t\t\t\t\t\t\t\t<\/div>\n\t\t\t\t<\/div>\n\t\t\t\t<\/div>\n\t\t<div data-animation-type=\"block\" class=\"elementor-element elementor-element-4353400 e-con-full e-flex sc_layouts_column_icons_position_left animation_type_block elementor-invisible e-con e-child\" data-id=\"4353400\" data-element_type=\"container\" data-e-type=\"container\" data-settings=\"{&quot;animation&quot;:&quot;ta_fadeinup&quot;}\">\n\t\t<div class=\"elementor-element elementor-element-2e75702 e-con-full e-flex sc_layouts_column_icons_position_left e-con e-child\" data-id=\"2e75702\" data-element_type=\"container\" data-e-type=\"container\">\n\t\t\t\t<div class=\"elementor-element elementor-element-39205ea sc_fly_static elementor-widget elementor-widget-heading\" data-id=\"39205ea\" data-element_type=\"widget\" data-e-type=\"widget\" data-widget_type=\"heading.default\">\n\t\t\t\t\t<h3 class=\"elementor-heading-title elementor-size-default\">Artisanat<\/h3>\t\t\t\t<\/div>\n\t\t\t\t<\/div>\n\t\t<div class=\"elementor-element elementor-element-e91f91f e-con-full e-flex sc_layouts_column_icons_position_left e-con e-child\" data-id=\"e91f91f\" data-element_type=\"container\" data-e-type=\"container\">\n\t\t\t\t<div class=\"elementor-element elementor-element-308625c sc_fly_static elementor-widget elementor-widget-image\" data-id=\"308625c\" data-element_type=\"widget\" data-e-type=\"widget\" data-widget_type=\"image.default\">\n\t\t\t\t\t\t\t\t\t\t\t\t\t\t\t<img decoding=\"async\" width=\"1204\" height=\"360\" src=\"https:\/\/atelierevrard.com\/wp-content\/uploads\/2025\/12\/artisanat.png\" class=\"attachment-full size-full wp-image-192\" alt=\"\" srcset=\"https:\/\/atelierevrard.com\/wp-content\/uploads\/2025\/12\/artisanat.png 1204w, https:\/\/atelierevrard.com\/wp-content\/uploads\/2025\/12\/artisanat-300x90.png 300w, https:\/\/atelierevrard.com\/wp-content\/uploads\/2025\/12\/artisanat-1024x306.png 1024w, https:\/\/atelierevrard.com\/wp-content\/uploads\/2025\/12\/artisanat-768x230.png 768w, https:\/\/atelierevrard.com\/wp-content\/uploads\/2025\/12\/artisanat-370x111.png 370w, https:\/\/atelierevrard.com\/wp-content\/uploads\/2025\/12\/artisanat-924x276.png 924w, https:\/\/atelierevrard.com\/wp-content\/uploads\/2025\/12\/artisanat-410x123.png 410w\" sizes=\"(max-width: 1204px) 100vw, 1204px\" \/>\t\t\t\t\t\t\t\t\t\t\t\t\t\t\t<\/div>\n\t\t\t\t<\/div>\n\t\t\t\t<\/div>\n\t\t\t\t<\/div>\n\t\t\t\t<\/div>\n\t\t","protected":false},"excerpt":{"rendered":"<p>Bijouterie &amp; horlogerie artisanale \u00e0 Namur&hellip;<\/p>\n","protected":false},"author":1,"featured_media":0,"parent":0,"menu_order":0,"comment_status":"closed","ping_status":"closed","template":"","meta":{"footnotes":""},"class_list":["post-61","page","type-page","status-publish","hentry"],"_links":{"self":[{"href":"https:\/\/atelierevrard.com\/index.php?rest_route=\/wp\/v2\/pages\/61","targetHints":{"allow":["GET"]}}],"collection":[{"href":"https:\/\/atelierevrard.com\/index.php?rest_route=\/wp\/v2\/pages"}],"about":[{"href":"https:\/\/atelierevrard.com\/index.php?rest_route=\/wp\/v2\/types\/page"}],"author":[{"embeddable":true,"href":"https:\/\/atelierevrard.com\/index.php?rest_route=\/wp\/v2\/users\/1"}],"replies":[{"embeddable":true,"href":"https:\/\/atelierevrard.com\/index.php?rest_route=%2Fwp%2Fv2%2Fcomments&post=61"}],"version-history":[{"count":65,"href":"https:\/\/atelierevrard.com\/index.php?rest_route=\/wp\/v2\/pages\/61\/revisions"}],"predecessor-version":[{"id":618,"href":"https:\/\/atelierevrard.com\/index.php?rest_route=\/wp\/v2\/pages\/61\/revisions\/618"}],"wp:attachment":[{"href":"https:\/\/atelierevrard.com\/index.php?rest_route=%2Fwp%2Fv2%2Fmedia&parent=61"}],"curies":[{"name":"wp","href":"https:\/\/api.w.org\/{rel}","templated":true}]}}