 {"id":525,"date":"2025-12-17T09:12:45","date_gmt":"2025-12-17T09:12:45","guid":{"rendered":"https:\/\/atelierevrard.com\/?page_id=525"},"modified":"2025-12-17T15:08:36","modified_gmt":"2025-12-17T15:08:36","slug":"mentions-legales","status":"publish","type":"page","link":"https:\/\/atelierevrard.com\/?page_id=525","title":{"rendered":"Mentions l\u00e9gales"},"content":{"rendered":"\t\t<div data-elementor-type=\"wp-page\" data-elementor-id=\"525\" class=\"elementor elementor-525\" data-elementor-post-type=\"page\">\n\t\t\t\t<div class=\"elementor-element elementor-element-55b5ac4 e-flex e-con-boxed sc_layouts_column_icons_position_left e-con e-parent\" data-id=\"55b5ac4\" data-element_type=\"container\" data-e-type=\"container\">\n\t\t\t\t\t<div class=\"e-con-inner\">\n\t\t\t\t<div class=\"elementor-element elementor-element-d9adb03 sc_fly_static elementor-widget elementor-widget-heading\" data-id=\"d9adb03\" data-element_type=\"widget\" data-e-type=\"widget\" data-widget_type=\"heading.default\">\n\t\t\t\t\t<h2 class=\"elementor-heading-title elementor-size-default\">L'ATELIER EVRARD<\/h2>\t\t\t\t<\/div>\n\t\t\t\t<div class=\"elementor-element elementor-element-d5ab0b2 sc_fly_static elementor-widget elementor-widget-heading\" data-id=\"d5ab0b2\" data-element_type=\"widget\" data-e-type=\"widget\" data-widget_type=\"heading.default\">\n\t\t\t\t\t<h2 class=\"elementor-heading-title elementor-size-default\">Mentions l\u00e9gales<\/h2>\t\t\t\t<\/div>\n\t\t\t\t\t<\/div>\n\t\t\t\t<\/div>\n\t\t<div class=\"elementor-element elementor-element-9cd245e e-con-full e-flex sc_layouts_column_icons_position_left e-con e-parent\" data-id=\"9cd245e\" data-element_type=\"container\" data-e-type=\"container\" data-settings=\"{&quot;background_background&quot;:&quot;classic&quot;}\">\n\t\t<div class=\"elementor-element elementor-element-12efab2 e-flex e-con-boxed sc_layouts_column_icons_position_left e-con e-child\" data-id=\"12efab2\" data-element_type=\"container\" data-e-type=\"container\">\n\t\t\t\t\t<div class=\"e-con-inner\">\n\t\t\t\t<div class=\"elementor-element elementor-element-1daa462 elementor-widget__width-initial sc_fly_static elementor-widget elementor-widget-text-editor\" data-id=\"1daa462\" data-element_type=\"widget\" data-e-type=\"widget\" data-widget_type=\"text-editor.default\">\n\t\t\t\t\t\t\t\t\t<p><span style=\"font-weight: 400;\">Le pr\u00e9sent site est \u00e9dit\u00e9 par :<\/span><\/p><p><span style=\"font-weight: 400;\">Atelier Evrard \u2013 Bijouterie &amp; Horlogerie<\/span><span style=\"font-weight: 400;\"><br \/><\/span><span style=\"font-weight: 400;\">Responsable : Mathieu Evrard<\/span><span style=\"font-weight: 400;\"><br \/><\/span><span style=\"font-weight: 400;\">Forme juridique : SRL<\/span><span style=\"font-weight: 400;\"><br \/><\/span><span style=\"font-weight: 400;\">Num\u00e9ro d\u2019entreprise (BCE) : 1028.312.638<\/span><\/p><p><span style=\"font-weight: 400;\">Num\u00e9ro de TVA : BE 1028.312.638<\/span><span style=\"font-weight: 400;\"><br \/><\/span><span style=\"font-weight: 400;\">Adresse : Rue Patenier 19, 5000 Namur<\/span><span style=\"font-weight: 400;\"><br \/><\/span><span style=\"font-weight: 400;\">Adresse email : info@atelierevrard.com<\/span><\/p><p><span style=\"font-weight: 400;\">Num\u00e9ro de t\u00e9l\u00e9phone : <\/span><span style=\"color: #ffffff;\"><a style=\"color: #ffffff;\" href=\"https:\/\/www.google.com\/search?q=atelier+evrard&amp;safe=active&amp;sca_esv=d59444dfc678413a&amp;rlz=1C1GCEB_enBE1049BE1049&amp;ei=RlhBaZyeBYm6i-gPhvvFmAo&amp;ved=2ahUKEwic2c2plcKRAxUJ3QIHHYZ9EaMQ4dUDegQIBRAN&amp;uact=5&amp;oq=atelier+evrard&amp;gs_lp=Egxnd3Mtd2l6LXNlcnAiDmF0ZWxpZXIgZXZyYXJkMgUQABiABDIIEAAYFhgKGB4yBhAAGBYYHjIGEAAYFhgeMggQABiABBiiBDIIEAAYogQYiQUyBRAAGO8FMggQABiiBBiJBTIIEAAYgAQYogRIjAZQ1wNYxgRwAXgAkAEAmAGZAaABpwKqAQMwLjK4AQPIAQD4AQGYAgKgApkBwgILEAAYsAMYogQYiQXCAgsQABiABBiwAxiiBMICCBAAGLADGO8FmAMAiAYBkAYFkgcDMS4xoAf2CrIHAzAuMbgHlQHCBwUwLjEuMcgHCIAIAA&amp;sclient=gws-wiz-serp#\"><span style=\"font-weight: 400;\">081 73 39 92<\/span><\/a><\/span><\/p><p><strong>H\u00c9BERGEMENT<\/strong><\/p><p><span style=\"font-weight: 400;\">Le site est h\u00e9berg\u00e9 par :<\/span><\/p><p><span style=\"font-weight: 400;\">OVH SAS<\/span><span style=\"font-weight: 400;\"><br \/><\/span><span style=\"font-weight: 400;\">2 rue Kellermann<br \/>59100 Roubaix<br \/>France<br \/><a href=\"https:\/\/www.ovhcloud.com\/fr\/\">www.ovh.com<\/a><\/span><\/p>\t\t\t\t\t\t\t\t<\/div>\n\t\t\t\t\t<\/div>\n\t\t\t\t<\/div>\n\t\t<div class=\"elementor-element elementor-element-9408ad3 e-flex e-con-boxed sc_layouts_column_icons_position_left e-con e-child\" data-id=\"9408ad3\" data-element_type=\"container\" data-e-type=\"container\" data-settings=\"{&quot;background_background&quot;:&quot;classic&quot;}\">\n\t\t\t\t\t<div class=\"e-con-inner\">\n\t\t\t\t<div class=\"elementor-element elementor-element-cc473cb elementor-widget__width-initial sc_fly_static elementor-widget elementor-widget-text-editor\" data-id=\"cc473cb\" data-element_type=\"widget\" data-e-type=\"widget\" data-widget_type=\"text-editor.default\">\n\t\t\t\t\t\t\t\t\t<p><strong style=\"font-size: 15px;\">PROPRI\u00c9T\u00c9 INTELLECTUELLE<\/strong><\/p><p><span style=\"font-weight: 400;\">L\u2019ensemble des contenus pr\u00e9sents sur ce site (textes, images, photographies, logos, graphismes, mise en page) est la propri\u00e9t\u00e9 exclusive de l\u2019Atelier Evrard, sauf mention contraire.<\/span><\/p><p><span style=\"font-weight: 400;\">Toute reproduction, repr\u00e9sentation, modification ou diffusion, totale ou partielle, sans autorisation \u00e9crite pr\u00e9alable est strictement interdite.<\/span><\/p><p>\u00a0<\/p><p><strong>RESPONSABILIT\u00c9<\/strong><\/p><p><span style=\"font-weight: 400;\">Les informations diffus\u00e9es sur ce site le sont \u00e0 titre indicatif. L\u2019Atelier Evrard veille \u00e0 leur exactitude et \u00e0 leur mise \u00e0 jour, sans toutefois garantir l\u2019absence d\u2019erreurs ou d\u2019omissions.<\/span><\/p><p><span style=\"font-weight: 400;\">L\u2019Atelier Evrard ne pourra \u00eatre tenu responsable de l\u2019utilisation ou de l\u2019interpr\u00e9tation des informations contenues sur le site.<\/span><\/p><p><span style=\"font-weight: 400;\">Le site est un site vitrine. Aucune vente en ligne n\u2019est effectu\u00e9e via ce site.<\/span><\/p>\t\t\t\t\t\t\t\t<\/div>\n\t\t\t\t\t<\/div>\n\t\t\t\t<\/div>\n\t\t\t\t<\/div>\n\t\t\t\t<\/div>\n\t\t","protected":false},"excerpt":{"rendered":"<p>L&#8217;ATELIER EVRARD Mentions l\u00e9gales Le pr\u00e9sent&hellip;<\/p>\n","protected":false},"author":1,"featured_media":0,"parent":0,"menu_order":0,"comment_status":"closed","ping_status":"closed","template":"","meta":{"footnotes":""},"class_list":["post-525","page","type-page","status-publish","hentry"],"_links":{"self":[{"href":"https:\/\/atelierevrard.com\/index.php?rest_route=\/wp\/v2\/pages\/525","targetHints":{"allow":["GET"]}}],"collection":[{"href":"https:\/\/atelierevrard.com\/index.php?rest_route=\/wp\/v2\/pages"}],"about":[{"href":"https:\/\/atelierevrard.com\/index.php?rest_route=\/wp\/v2\/types\/page"}],"author":[{"embeddable":true,"href":"https:\/\/atelierevrard.com\/index.php?rest_route=\/wp\/v2\/users\/1"}],"replies":[{"embeddable":true,"href":"https:\/\/atelierevrard.com\/index.php?rest_route=%2Fwp%2Fv2%2Fcomments&post=525"}],"version-history":[{"count":16,"href":"https:\/\/atelierevrard.com\/index.php?rest_route=\/wp\/v2\/pages\/525\/revisions"}],"predecessor-version":[{"id":595,"href":"https:\/\/atelierevrard.com\/index.php?rest_route=\/wp\/v2\/pages\/525\/revisions\/595"}],"wp:attachment":[{"href":"https:\/\/atelierevrard.com\/index.php?rest_route=%2Fwp%2Fv2%2Fmedia&parent=525"}],"curies":[{"name":"wp","href":"https:\/\/api.w.org\/{rel}","templated":true}]}}