 {"id":45,"date":"2025-09-22T14:17:43","date_gmt":"2025-09-22T14:17:43","guid":{"rendered":"http:\/\/atelierevrard.com\/index.php\/contact-us\/"},"modified":"2025-12-17T08:38:24","modified_gmt":"2025-12-17T08:38:24","slug":"contact-us","status":"publish","type":"page","link":"https:\/\/atelierevrard.com\/?page_id=45","title":{"rendered":"L&#8217;Atelier"},"content":{"rendered":"\t\t<div data-elementor-type=\"wp-page\" data-elementor-id=\"45\" class=\"elementor elementor-45\" data-elementor-post-type=\"page\">\n\t\t\t\t<div class=\"elementor-element elementor-element-77fd915 e-con-full e-flex sc_layouts_column_icons_position_left e-con e-parent\" data-id=\"77fd915\" data-element_type=\"container\" data-e-type=\"container\">\n\t\t\t\t<div data-animation-type=\"block\" class=\"elementor-element elementor-element-6c8b50c animation_type_block sc_fly_static elementor-invisible elementor-widget elementor-widget-image\" data-id=\"6c8b50c\" data-element_type=\"widget\" data-e-type=\"widget\" data-settings=\"{&quot;_animation&quot;:&quot;ta_fadeinup&quot;}\" data-widget_type=\"image.default\">\n\t\t\t\t\t\t\t\t\t\t\t\t\t\t\t<img fetchpriority=\"high\" decoding=\"async\" width=\"1298\" height=\"1258\" src=\"https:\/\/atelierevrard.com\/wp-content\/uploads\/2025\/12\/mathieuevrard.png\" class=\"attachment-full size-full wp-image-458\" alt=\"\" srcset=\"https:\/\/atelierevrard.com\/wp-content\/uploads\/2025\/12\/mathieuevrard.png 1298w, https:\/\/atelierevrard.com\/wp-content\/uploads\/2025\/12\/mathieuevrard-300x291.png 300w, https:\/\/atelierevrard.com\/wp-content\/uploads\/2025\/12\/mathieuevrard-1024x992.png 1024w, https:\/\/atelierevrard.com\/wp-content\/uploads\/2025\/12\/mathieuevrard-768x744.png 768w, https:\/\/atelierevrard.com\/wp-content\/uploads\/2025\/12\/mathieuevrard-370x359.png 370w, https:\/\/atelierevrard.com\/wp-content\/uploads\/2025\/12\/mathieuevrard-924x896.png 924w, https:\/\/atelierevrard.com\/wp-content\/uploads\/2025\/12\/mathieuevrard-410x397.png 410w\" sizes=\"(max-width: 1298px) 100vw, 1298px\" \/>\t\t\t\t\t\t\t\t\t\t\t\t\t\t\t<\/div>\n\t\t<div class=\"elementor-element elementor-element-0bf3d6f e-flex e-con-boxed sc_layouts_column_icons_position_left e-con e-child\" data-id=\"0bf3d6f\" data-element_type=\"container\" data-e-type=\"container\">\n\t\t\t\t\t<div class=\"e-con-inner\">\n\t\t<div data-animation-type=\"block\" class=\"elementor-element elementor-element-05e64af e-con-full e-flex sc_layouts_column_icons_position_left animation_type_block elementor-invisible e-con e-child\" data-id=\"05e64af\" data-element_type=\"container\" data-e-type=\"container\" data-settings=\"{&quot;animation&quot;:&quot;ta_fadeinup&quot;,&quot;animation_delay&quot;:200}\">\n\t\t\t\t<div class=\"elementor-element elementor-element-8165331 sc_fly_static elementor-widget elementor-widget-heading\" data-id=\"8165331\" data-element_type=\"widget\" data-e-type=\"widget\" data-widget_type=\"heading.default\">\n\t\t\t\t\t<h1 class=\"elementor-heading-title elementor-size-default\">l\u2019Atelier Evrard <\/h1>\t\t\t\t<\/div>\n\t\t\t\t<div class=\"elementor-element elementor-element-4c3fe59 sc_fly_static elementor-widget elementor-widget-heading\" data-id=\"4c3fe59\" data-element_type=\"widget\" data-e-type=\"widget\" data-widget_type=\"heading.default\">\n\t\t\t\t\t<h2 class=\"elementor-heading-title elementor-size-default\">Votre bijoutier - horloger artisanal\n\u00e0 Namur<\/h2>\t\t\t\t<\/div>\n\t\t\t\t<div class=\"elementor-element elementor-element-b4beb6f sc_fly_static elementor-widget elementor-widget-text-editor\" data-id=\"b4beb6f\" data-element_type=\"widget\" data-e-type=\"widget\" data-widget_type=\"text-editor.default\">\n\t\t\t\t\t\t\t\t\tOriginaire de la r\u00e9gion, Mathieu Evrard s\u2019est form\u00e9 plusieurs ann\u00e9es au sein d\u2019une grande maison de bijouterie-horlogerie bruxelloise avant de revenir \u00e0 Namur pour ouvrir son propre atelier.<br><br>\nSon parcours est guid\u00e9 par l\u2019exigence technique, le sens du d\u00e9tail et le go\u00fbt d\u2019un travail r\u00e9alis\u00e9 avec patience et pr\u00e9cision.\nDans cet atelier de bijouterie-horlogerie \u00e0 Namur, chaque pi\u00e8ce \u2014 bijoux, montres ou cr\u00e9ations sur mesure \u2014 b\u00e9n\u00e9ficie d\u2019une attention particuli\u00e8re.<br><br>\nLe geste est ma\u00eetris\u00e9, les mat\u00e9riaux sont respect\u00e9s, et chaque intervention est expliqu\u00e9e avec clart\u00e9.\nLe conseil occupe une place essentielle : comprendre un besoin, proposer la solution la plus juste, accompagner une d\u00e9cision. Cette proximit\u00e9 d\u00e9finit l\u2019identit\u00e9 de l\u2019Atelier Evrard, que ce soit pour un achat, une r\u00e9paration ou une cr\u00e9ation sur mesure.\n<br><br>\nSitu\u00e9 au c\u0153ur de Namur, l\u2019atelier incarne le m\u00e9tier d\u2019un artisan qui met son savoir-faire au service de pi\u00e8ces qui ont une histoire, une valeur, ou un futur \u00e0 imaginer.\t\t\t\t\t\t\t\t<\/div>\n\t\t\t\t<\/div>\n\t\t\t\t\t<\/div>\n\t\t\t\t<\/div>\n\t\t\t\t<\/div>\n\t\t<div class=\"e-con-gap-no elementor-element elementor-element-4fb3a58 e-con-full e-flex sc_layouts_column_icons_position_left e-con e-parent\" data-id=\"4fb3a58\" data-element_type=\"container\" data-e-type=\"container\">\n\t\t<div data-animation-type=\"block\" class=\"elementor-element elementor-element-8f67bef e-con-full e-flex sc_layouts_column_icons_position_left animation_type_block elementor-invisible e-con e-child\" data-id=\"8f67bef\" data-element_type=\"container\" data-e-type=\"container\" data-settings=\"{&quot;animation&quot;:&quot;ta_fadeinup&quot;}\">\n\t\t<div class=\"elementor-element elementor-element-8fbebe9 e-con-full e-flex sc_layouts_column_icons_position_left e-con e-child\" data-id=\"8fbebe9\" data-element_type=\"container\" data-e-type=\"container\">\n\t\t\t\t<div class=\"elementor-element elementor-element-85accf0 sc_fly_static elementor-widget elementor-widget-heading\" data-id=\"85accf0\" data-element_type=\"widget\" data-e-type=\"widget\" data-widget_type=\"heading.default\">\n\t\t\t\t\t<h3 class=\"elementor-heading-title elementor-size-default\">Un atelier local<\/h3>\t\t\t\t<\/div>\n\t\t\t\t<\/div>\n\t\t<div class=\"elementor-element elementor-element-696848c e-con-full e-flex sc_layouts_column_icons_position_left e-con e-child\" data-id=\"696848c\" data-element_type=\"container\" data-e-type=\"container\">\n\t\t\t\t<div class=\"elementor-element elementor-element-94be66f sc_fly_static elementor-widget elementor-widget-image\" data-id=\"94be66f\" data-element_type=\"widget\" data-e-type=\"widget\" data-widget_type=\"image.default\">\n\t\t\t\t\t\t\t\t\t\t\t\t\t\t\t<img decoding=\"async\" width=\"1204\" height=\"360\" src=\"https:\/\/atelierevrard.com\/wp-content\/uploads\/2025\/12\/atelierlocal.png\" class=\"attachment-full size-full wp-image-464\" alt=\"\" srcset=\"https:\/\/atelierevrard.com\/wp-content\/uploads\/2025\/12\/atelierlocal.png 1204w, https:\/\/atelierevrard.com\/wp-content\/uploads\/2025\/12\/atelierlocal-300x90.png 300w, https:\/\/atelierevrard.com\/wp-content\/uploads\/2025\/12\/atelierlocal-1024x306.png 1024w, https:\/\/atelierevrard.com\/wp-content\/uploads\/2025\/12\/atelierlocal-768x230.png 768w, https:\/\/atelierevrard.com\/wp-content\/uploads\/2025\/12\/atelierlocal-370x111.png 370w, https:\/\/atelierevrard.com\/wp-content\/uploads\/2025\/12\/atelierlocal-924x276.png 924w, https:\/\/atelierevrard.com\/wp-content\/uploads\/2025\/12\/atelierlocal-410x123.png 410w\" sizes=\"(max-width: 1204px) 100vw, 1204px\" \/>\t\t\t\t\t\t\t\t\t\t\t\t\t\t\t<\/div>\n\t\t\t\t<\/div>\n\t\t\t\t<\/div>\n\t\t<div data-animation-type=\"block\" class=\"elementor-element elementor-element-7125891 e-con-full e-flex sc_layouts_column_icons_position_left animation_type_block elementor-invisible e-con e-child\" data-id=\"7125891\" data-element_type=\"container\" data-e-type=\"container\" data-settings=\"{&quot;animation&quot;:&quot;ta_fadeinup&quot;}\">\n\t\t<div class=\"elementor-element elementor-element-a877ac9 e-con-full e-flex sc_layouts_column_icons_position_left e-con e-child\" data-id=\"a877ac9\" data-element_type=\"container\" data-e-type=\"container\">\n\t\t\t\t<div class=\"elementor-element elementor-element-91edd49 sc_fly_static elementor-widget elementor-widget-heading\" data-id=\"91edd49\" data-element_type=\"widget\" data-e-type=\"widget\" data-widget_type=\"heading.default\">\n\t\t\t\t\t<h3 class=\"elementor-heading-title elementor-size-default\">Un savoir-faire ma\u00eetris\u00e9<\/h3>\t\t\t\t<\/div>\n\t\t\t\t<\/div>\n\t\t<div class=\"elementor-element elementor-element-652b4ab e-con-full e-flex sc_layouts_column_icons_position_left e-con e-child\" data-id=\"652b4ab\" data-element_type=\"container\" data-e-type=\"container\">\n\t\t\t\t<div class=\"elementor-element elementor-element-d78b6a4 sc_fly_static elementor-widget elementor-widget-image\" data-id=\"d78b6a4\" data-element_type=\"widget\" data-e-type=\"widget\" data-widget_type=\"image.default\">\n\t\t\t\t\t\t\t\t\t\t\t\t\t\t\t<img decoding=\"async\" width=\"1204\" height=\"360\" src=\"https:\/\/atelierevrard.com\/wp-content\/uploads\/2025\/12\/savoirfairemaitrise.png\" class=\"attachment-full size-full wp-image-463\" alt=\"\" srcset=\"https:\/\/atelierevrard.com\/wp-content\/uploads\/2025\/12\/savoirfairemaitrise.png 1204w, https:\/\/atelierevrard.com\/wp-content\/uploads\/2025\/12\/savoirfairemaitrise-300x90.png 300w, https:\/\/atelierevrard.com\/wp-content\/uploads\/2025\/12\/savoirfairemaitrise-1024x306.png 1024w, https:\/\/atelierevrard.com\/wp-content\/uploads\/2025\/12\/savoirfairemaitrise-768x230.png 768w, https:\/\/atelierevrard.com\/wp-content\/uploads\/2025\/12\/savoirfairemaitrise-370x111.png 370w, https:\/\/atelierevrard.com\/wp-content\/uploads\/2025\/12\/savoirfairemaitrise-924x276.png 924w, https:\/\/atelierevrard.com\/wp-content\/uploads\/2025\/12\/savoirfairemaitrise-410x123.png 410w\" sizes=\"(max-width: 1204px) 100vw, 1204px\" \/>\t\t\t\t\t\t\t\t\t\t\t\t\t\t\t<\/div>\n\t\t\t\t<\/div>\n\t\t\t\t<\/div>\n\t\t<div data-animation-type=\"block\" class=\"elementor-element elementor-element-b829d21 e-con-full e-flex sc_layouts_column_icons_position_left animation_type_block elementor-invisible e-con e-child\" data-id=\"b829d21\" data-element_type=\"container\" data-e-type=\"container\" data-settings=\"{&quot;animation&quot;:&quot;ta_fadeinup&quot;}\">\n\t\t<div class=\"elementor-element elementor-element-cde93b4 e-con-full e-flex sc_layouts_column_icons_position_left e-con e-child\" data-id=\"cde93b4\" data-element_type=\"container\" data-e-type=\"container\">\n\t\t\t\t<div class=\"elementor-element elementor-element-e1870b2 sc_fly_static elementor-widget elementor-widget-heading\" data-id=\"e1870b2\" data-element_type=\"widget\" data-e-type=\"widget\" data-widget_type=\"heading.default\">\n\t\t\t\t\t<h3 class=\"elementor-heading-title elementor-size-default\">Une signature artisanale<\/h3>\t\t\t\t<\/div>\n\t\t\t\t<\/div>\n\t\t<div class=\"elementor-element elementor-element-e333f39 e-con-full e-flex sc_layouts_column_icons_position_left e-con e-child\" data-id=\"e333f39\" data-element_type=\"container\" data-e-type=\"container\">\n\t\t\t\t<div class=\"elementor-element elementor-element-89d434a sc_fly_static elementor-widget elementor-widget-image\" data-id=\"89d434a\" data-element_type=\"widget\" data-e-type=\"widget\" data-widget_type=\"image.default\">\n\t\t\t\t\t\t\t\t\t\t\t\t\t\t\t<img loading=\"lazy\" decoding=\"async\" width=\"1204\" height=\"360\" src=\"https:\/\/atelierevrard.com\/wp-content\/uploads\/2025\/12\/signatureartisanale.png\" class=\"attachment-full size-full wp-image-462\" alt=\"\" srcset=\"https:\/\/atelierevrard.com\/wp-content\/uploads\/2025\/12\/signatureartisanale.png 1204w, https:\/\/atelierevrard.com\/wp-content\/uploads\/2025\/12\/signatureartisanale-300x90.png 300w, https:\/\/atelierevrard.com\/wp-content\/uploads\/2025\/12\/signatureartisanale-1024x306.png 1024w, https:\/\/atelierevrard.com\/wp-content\/uploads\/2025\/12\/signatureartisanale-768x230.png 768w, https:\/\/atelierevrard.com\/wp-content\/uploads\/2025\/12\/signatureartisanale-370x111.png 370w, https:\/\/atelierevrard.com\/wp-content\/uploads\/2025\/12\/signatureartisanale-924x276.png 924w, https:\/\/atelierevrard.com\/wp-content\/uploads\/2025\/12\/signatureartisanale-410x123.png 410w\" sizes=\"(max-width: 1204px) 100vw, 1204px\" \/>\t\t\t\t\t\t\t\t\t\t\t\t\t\t\t<\/div>\n\t\t\t\t<\/div>\n\t\t\t\t<\/div>\n\t\t\t\t<\/div>\n\t\t\t\t<\/div>\n\t\t","protected":false},"excerpt":{"rendered":"<p>l\u2019Atelier Evrard Votre bijoutier &#8211; horloger&hellip;<\/p>\n","protected":false},"author":1,"featured_media":0,"parent":0,"menu_order":0,"comment_status":"closed","ping_status":"closed","template":"","meta":{"footnotes":""},"class_list":["post-45","page","type-page","status-publish","hentry"],"_links":{"self":[{"href":"https:\/\/atelierevrard.com\/index.php?rest_route=\/wp\/v2\/pages\/45","targetHints":{"allow":["GET"]}}],"collection":[{"href":"https:\/\/atelierevrard.com\/index.php?rest_route=\/wp\/v2\/pages"}],"about":[{"href":"https:\/\/atelierevrard.com\/index.php?rest_route=\/wp\/v2\/types\/page"}],"author":[{"embeddable":true,"href":"https:\/\/atelierevrard.com\/index.php?rest_route=\/wp\/v2\/users\/1"}],"replies":[{"embeddable":true,"href":"https:\/\/atelierevrard.com\/index.php?rest_route=%2Fwp%2Fv2%2Fcomments&post=45"}],"version-history":[{"count":14,"href":"https:\/\/atelierevrard.com\/index.php?rest_route=\/wp\/v2\/pages\/45\/revisions"}],"predecessor-version":[{"id":521,"href":"https:\/\/atelierevrard.com\/index.php?rest_route=\/wp\/v2\/pages\/45\/revisions\/521"}],"wp:attachment":[{"href":"https:\/\/atelierevrard.com\/index.php?rest_route=%2Fwp%2Fv2%2Fmedia&parent=45"}],"curies":[{"name":"wp","href":"https:\/\/api.w.org\/{rel}","templated":true}]}}