 {"id":43,"date":"2025-09-22T14:17:02","date_gmt":"2025-09-22T14:17:02","guid":{"rendered":"http:\/\/atelierevrard.com\/index.php\/our-work-2\/"},"modified":"2026-02-11T15:23:17","modified_gmt":"2026-02-11T15:23:17","slug":"bijoux","status":"publish","type":"page","link":"https:\/\/atelierevrard.com\/?page_id=43","title":{"rendered":"Bijoux"},"content":{"rendered":"\t\t<div data-elementor-type=\"wp-page\" data-elementor-id=\"43\" class=\"elementor elementor-43\" data-elementor-post-type=\"page\">\n\t\t\t\t<div data-animation-type=\"block\" class=\"elementor-element elementor-element-dbb44fa e-con-full e-flex sc_layouts_column_icons_position_left animation_type_block elementor-invisible e-con e-parent\" data-id=\"dbb44fa\" data-element_type=\"container\" data-e-type=\"container\" data-settings=\"{&quot;background_background&quot;:&quot;classic&quot;,&quot;animation&quot;:&quot;ta_fadein&quot;}\">\n\t\t<div class=\"elementor-element elementor-element-ce218f0 e-con-full e-flex sc_layouts_column_icons_position_left e-con e-child\" data-id=\"ce218f0\" data-element_type=\"container\" data-e-type=\"container\">\n\t\t<div class=\"elementor-element elementor-element-1fbffa1 e-con-full e-flex sc_layouts_column_icons_position_left e-con e-child\" data-id=\"1fbffa1\" data-element_type=\"container\" data-e-type=\"container\">\n\t\t\t\t<div data-animation-type=\"char\" data-animation-stagger=\"8\" class=\"elementor-element elementor-element-4dca2b3 elementor-widget__width-initial animation_type_char sc_fly_static elementor-invisible elementor-widget elementor-widget-heading\" data-id=\"4dca2b3\" data-element_type=\"widget\" data-e-type=\"widget\" data-settings=\"{&quot;_animation&quot;:&quot;ta_fadeinup&quot;}\" data-widget_type=\"heading.default\">\n\t\t\t\t\t<h1 class=\"elementor-heading-title elementor-size-default\">BIJOUX<\/h1>\t\t\t\t<\/div>\n\t\t\t\t<div data-animation-type=\"char\" data-animation-stagger=\"8\" class=\"elementor-element elementor-element-a3617eb elementor-widget__width-initial animation_type_char sc_fly_static elementor-invisible elementor-widget elementor-widget-heading\" data-id=\"a3617eb\" data-element_type=\"widget\" data-e-type=\"widget\" data-settings=\"{&quot;_animation&quot;:&quot;ta_fadeinup&quot;}\" data-widget_type=\"heading.default\">\n\t\t\t\t\t<h2 class=\"elementor-heading-title elementor-size-default\">S\u00e9lection soign\u00e9e\n&amp; cr\u00e9ations artisanales\n\u00e0 Namur<\/h2>\t\t\t\t<\/div>\n\t\t\t\t<div data-animation-type=\"block\" class=\"elementor-element elementor-element-1bf9fa9 elementor-widget__width-initial animation_type_block sc_fly_static elementor-invisible elementor-widget elementor-widget-text-editor\" data-id=\"1bf9fa9\" data-element_type=\"widget\" data-e-type=\"widget\" data-settings=\"{&quot;_animation&quot;:&quot;ta_fadeinup&quot;,&quot;_animation_delay&quot;:200}\" data-widget_type=\"text-editor.default\">\n\t\t\t\t\t\t\t\t\t<p>\u00c0 l\u2019Atelier Evrard, chaque bijou est choisi ou cr\u00e9\u00e9 avec exigence.\u2028La s\u00e9lection associe des bijoux de maisons reconnues pour leur fiabilit\u00e9 \u00e0 des cr\u00e9ations artisanales con\u00e7ues sur place \u00e0 Namur.<\/p><p>C\u2019est ici que s\u2019exprime pleinement la dimension joailli\u00e8re : mat\u00e9riaux choisis, pr\u00e9cision du geste et recherche d\u2019une \u00e9l\u00e9gance intemporelle.<\/p>\t\t\t\t\t\t\t\t<\/div>\n\t\t\t\t<\/div>\n\t\t\t\t<\/div>\n\t\t\t\t<\/div>\n\t\t<div class=\"elementor-element elementor-element-26f085d e-con-full e-flex sc_layouts_column_icons_position_left e-con e-parent\" data-id=\"26f085d\" data-element_type=\"container\" data-e-type=\"container\">\n\t\t<div class=\"e-con-gap-no elementor-element elementor-element-7315a93 e-flex e-con-boxed sc_layouts_column_icons_position_left e-con e-child\" data-id=\"7315a93\" data-element_type=\"container\" data-e-type=\"container\">\n\t\t\t\t\t<div class=\"e-con-inner\">\n\t\t<div class=\"elementor-element elementor-element-f515481 e-con-full e-flex sc_layouts_column_icons_position_left e-con e-child\" data-id=\"f515481\" data-element_type=\"container\" data-e-type=\"container\">\n\t\t\t\t<div data-animation-type=\"block\" class=\"elementor-element elementor-element-0741389 animation_type_block sc_fly_static elementor-invisible elementor-widget elementor-widget-heading\" data-id=\"0741389\" data-element_type=\"widget\" data-e-type=\"widget\" data-settings=\"{&quot;_animation&quot;:&quot;ta_fadeinup&quot;}\" data-widget_type=\"heading.default\">\n\t\t\t\t\t<h1 class=\"elementor-heading-title elementor-size-default\">LES MARQUES<\/h1>\t\t\t\t<\/div>\n\t\t\t\t<\/div>\n\t\t\t\t\t<\/div>\n\t\t\t\t<\/div>\n\t\t\t\t<\/div>\n\t\t<div class=\"elementor-element elementor-element-e2fd476 e-con-full e-flex sc_layouts_column_icons_position_left e-con e-child\" data-id=\"e2fd476\" data-element_type=\"container\" data-e-type=\"container\">\n\t\t\t\t<div data-animation-type=\"block\" class=\"elementor-element elementor-element-b71bf24 trx-addons-image-accordion-stack-on-mobile trx-addons-image-accordion-orientation-vertical animation_type_block sc_fly_static elementor-invisible elementor-widget elementor-widget-trx_elm_image_accordion\" data-id=\"b71bf24\" data-element_type=\"widget\" data-e-type=\"widget\" data-settings=\"{&quot;stack_on&quot;:&quot;mobile&quot;,&quot;_animation&quot;:&quot;ta_fadeinup&quot;,&quot;accordion_action&quot;:&quot;on-hover&quot;,&quot;orientation&quot;:&quot;vertical&quot;,&quot;disable_body_click&quot;:&quot;no&quot;}\" data-widget_type=\"trx_elm_image_accordion.default\">\n\t\t\t\t<div class=\"elementor-widget-container\">\n\t\t\t\t\t\t\t\t<div class=\"trx-addons-image-accordion trx-addons-image-accordion-on-hover trx-addons-image-accordion-below\" id=\"trx-addons-image-accordion-b71bf24\">\n\t\t\t\t\t\t\t\t\t\t\t\t\t\t\t\t\t\t\t\t<div class=\"trx-addons-image-accordion-item elementor-repeater-item-a1b8d3e\">\n\t\t\t\t\t\t\t\t\t\t\t\t\t\t<div class=\"trx-addons-image-accordion-item-inner\" style=\"background-image: url(https:\/\/atelierevrard.com\/wp-content\/uploads\/2025\/12\/bijouduo01.png);\"><\/div>\n\t\t\t\t\t\t\t<div class=\"trx-addons-image-accordion-below-content\">\n\t\t\t\t\t\t\t\t<div class=\"trx-addons-image-accordion-content-wrap\">\n\t\t\t\t\t\t\t\t\t<div class=\"trx-addons-image-accordion-content\">\n\t\t\t\t\t\t\t\t\t\t\t\t\t\t\t\t\t\t\t\t<h6 class=\"trx-addons-image-accordion-title\">\n\t\t\t\t\t\t\t\t\t\t\tDUO\t\t\t\t\t\t\t\t\t\t<\/h6>\n\t\t\t\t\t\t\t\t\t\t<div class=\"trx-addons-image-accordion-description\">\n\t\t\t\t\t\t\t\t\t\t\t<p>La marque DUO occupe une place centrale dans la s\u00e9lection :<br \/>modernit\u00e9 ma\u00eetris\u00e9e, esth\u00e9tique sobre, qualit\u00e9 durable.<\/p><p>Elle exprime parfaitement l\u2019\u00e9quilibre recherch\u00e9 par cette bijouterie de Namur : finesse du dessin et \u00e9l\u00e9gance discr\u00e8te.<\/p>\t\t\t\t\t\t\t\t\t\t<\/div>\n\t\t\t\t\t\t\t\t\t\t\t\t\t\t\t\t\t\t\t<\/div>\n\t\t\t\t\t\t\t\t<\/div>\n\t\t\t\t\t\t\t<\/div>\n\t\t\t\t\t\t<\/div>\n\t\t\t\t\t\t\t\t\t\t\t\t\t\t\t\t\t\t\t\t\t\t\t\t\t<div class=\"trx-addons-image-accordion-item elementor-repeater-item-a904a8c\">\n\t\t\t\t\t\t\t\t\t\t\t\t\t\t<div class=\"trx-addons-image-accordion-item-inner\" style=\"background-image: url(https:\/\/atelierevrard.com\/wp-content\/uploads\/2026\/02\/FJF-1.webp);\"><\/div>\n\t\t\t\t\t\t\t<div class=\"trx-addons-image-accordion-below-content\">\n\t\t\t\t\t\t\t\t<div class=\"trx-addons-image-accordion-content-wrap\">\n\t\t\t\t\t\t\t\t\t<div class=\"trx-addons-image-accordion-content\">\n\t\t\t\t\t\t\t\t\t\t\t\t\t\t\t\t\t\t\t\t<h6 class=\"trx-addons-image-accordion-title\">\n\t\t\t\t\t\t\t\t\t\t\tFJF\t\t\t\t\t\t\t\t\t\t<\/h6>\n\t\t\t\t\t\t\t\t\t\t<div class=\"trx-addons-image-accordion-description\">\n\t\t\t\t\t\t\t\t\t\t\t<p>FJF est synonyme d&#8217;\u00e9l\u00e9gance et de qualit\u00e9. Leur approche consiste \u00e0 cr\u00e9er des pi\u00e8ces \u00e0 la fois pr\u00e9cieuses et intemporelles en utilisant des processus respectueux de l&#8217;environnement\u00a0 et des mat\u00e9riaux de haute qualit\u00e9.<\/p>\t\t\t\t\t\t\t\t\t\t<\/div>\n\t\t\t\t\t\t\t\t\t\t\t\t\t\t\t\t\t\t\t<\/div>\n\t\t\t\t\t\t\t\t<\/div>\n\t\t\t\t\t\t\t<\/div>\n\t\t\t\t\t\t<\/div>\n\t\t\t\t\t\t\t\t\t\t\t\t\t\t\t\t\t\t\t\t\t\t\t\t\t<div class=\"trx-addons-image-accordion-item elementor-repeater-item-0b66301\">\n\t\t\t\t\t\t\t\t\t\t\t\t\t\t<div class=\"trx-addons-image-accordion-item-inner\" style=\"background-image: url(https:\/\/atelierevrard.com\/wp-content\/uploads\/2026\/01\/lapetra01-1.jpg);\"><\/div>\n\t\t\t\t\t\t\t<div class=\"trx-addons-image-accordion-below-content\">\n\t\t\t\t\t\t\t\t<div class=\"trx-addons-image-accordion-content-wrap\">\n\t\t\t\t\t\t\t\t\t<div class=\"trx-addons-image-accordion-content\">\n\t\t\t\t\t\t\t\t\t\t\t\t\t\t\t\t\t\t\t\t<h6 class=\"trx-addons-image-accordion-title\">\n\t\t\t\t\t\t\t\t\t\t\tLaPetra\t\t\t\t\t\t\t\t\t\t<\/h6>\n\t\t\t\t\t\t\t\t\t\t<div class=\"trx-addons-image-accordion-description\">\n\t\t\t\t\t\t\t\t\t\t\t<p>LaPetra est une marque de bijoux pour enfants, imagin\u00e9e pour accompagner les petits moments du quotidien. Des cr\u00e9ations d\u00e9licates, color\u00e9es et faciles \u00e0 porter.<\/p>\t\t\t\t\t\t\t\t\t\t<\/div>\n\t\t\t\t\t\t\t\t\t\t\t\t\t\t\t\t\t\t\t<\/div>\n\t\t\t\t\t\t\t\t<\/div>\n\t\t\t\t\t\t\t<\/div>\n\t\t\t\t\t\t<\/div>\n\t\t\t\t\t\t\t\t\t\t\t\t<\/div>\n\t\t\t\t\t\t<\/div>\n\t\t\t\t<\/div>\n\t\t\t\t<\/div>\n\t\t<div class=\"e-con-gap-no elementor-element elementor-element-50a88c7 e-con-full e-flex sc_layouts_column_icons_position_left e-con e-parent\" data-id=\"50a88c7\" data-element_type=\"container\" data-e-type=\"container\">\n\t\t\t\t<\/div>\n\t\t<div class=\"elementor-element elementor-element-6c6b014 e-con-full e-flex sc_layouts_column_icons_position_left e-con e-parent\" data-id=\"6c6b014\" data-element_type=\"container\" data-e-type=\"container\">\n\t\t<div class=\"elementor-element elementor-element-16cd4aa e-flex e-con-boxed sc_layouts_column_icons_position_left e-con e-child\" data-id=\"16cd4aa\" data-element_type=\"container\" data-e-type=\"container\">\n\t\t\t\t\t<div class=\"e-con-inner\">\n\t\t<div class=\"elementor-element elementor-element-9733cfd e-con-full e-flex sc_layouts_column_icons_position_left e-con e-child\" data-id=\"9733cfd\" data-element_type=\"container\" data-e-type=\"container\">\n\t\t\t\t<div data-animation-type=\"block\" class=\"elementor-element elementor-element-989ac63 animation_type_block sc_fly_static elementor-invisible elementor-widget elementor-widget-heading\" data-id=\"989ac63\" data-element_type=\"widget\" data-e-type=\"widget\" data-settings=\"{&quot;_animation&quot;:&quot;ta_fadeinup&quot;}\" data-widget_type=\"heading.default\">\n\t\t\t\t\t<h1 class=\"elementor-heading-title elementor-size-default\">l\u2019Atelier <\/h1>\t\t\t\t<\/div>\n\t\t\t\t<div data-animation-type=\"block\" class=\"elementor-element elementor-element-74ea6af elementor-widget__width-initial elementor-widget-mobile__width-inherit animation_type_block sc_fly_static elementor-invisible elementor-widget elementor-widget-heading\" data-id=\"74ea6af\" data-element_type=\"widget\" data-e-type=\"widget\" data-settings=\"{&quot;_animation&quot;:&quot;ta_fadeinup&quot;}\" data-widget_type=\"heading.default\">\n\t\t\t\t\t<h2 class=\"elementor-heading-title elementor-size-default\">Cr\u00e9ations artisanales<br>\n&amp; pi\u00e8ces uniques<\/h2>\t\t\t\t<\/div>\n\t\t\t\t<\/div>\n\t\t<div class=\"elementor-element elementor-element-aa17888 e-con-full e-flex sc_layouts_column_icons_position_left e-con e-child\" data-id=\"aa17888\" data-element_type=\"container\" data-e-type=\"container\">\n\t\t\t\t<div data-animation-type=\"block\" class=\"elementor-element elementor-element-405e013 elementor-widget__width-initial animation_type_block sc_fly_static elementor-invisible elementor-widget elementor-widget-text-editor\" data-id=\"405e013\" data-element_type=\"widget\" data-e-type=\"widget\" data-settings=\"{&quot;_animation&quot;:&quot;ta_fadeinup&quot;,&quot;_animation_delay&quot;:200}\" data-widget_type=\"text-editor.default\">\n\t\t\t\t\t\t\t\t\tCertaines pi\u00e8ces naissent directement dans l\u2019atelier : bijoux uniques, transformations de bijoux anciens ou cr\u00e9ations sur mesure.<br><br>\nChaque projet est guid\u00e9 par un dialogue avec le client, le choix des mat\u00e9riaux et un travail pr\u00e9cis.\t\t\t\t\t\t\t\t<\/div>\n\t\t\t\t<\/div>\n\t\t\t\t\t<\/div>\n\t\t\t\t<\/div>\n\t\t<div class=\"elementor-element elementor-element-286f838 e-con-full e-flex sc_layouts_column_icons_position_left e-con e-child\" data-id=\"286f838\" data-element_type=\"container\" data-e-type=\"container\">\n\t\t\t\t<div data-animation-type=\"block\" class=\"elementor-element elementor-element-f5cadf3 trx-addons-image-accordion-stack-on-mobile trx-addons-image-accordion-orientation-vertical animation_type_block sc_fly_static elementor-invisible elementor-widget elementor-widget-trx_elm_image_accordion\" data-id=\"f5cadf3\" data-element_type=\"widget\" data-e-type=\"widget\" data-settings=\"{&quot;stack_on&quot;:&quot;mobile&quot;,&quot;_animation&quot;:&quot;ta_fadeinup&quot;,&quot;accordion_action&quot;:&quot;on-hover&quot;,&quot;orientation&quot;:&quot;vertical&quot;,&quot;disable_body_click&quot;:&quot;no&quot;}\" data-widget_type=\"trx_elm_image_accordion.default\">\n\t\t\t\t<div class=\"elementor-widget-container\">\n\t\t\t\t\t\t\t\t<div class=\"trx-addons-image-accordion trx-addons-image-accordion-on-hover trx-addons-image-accordion-below\" id=\"trx-addons-image-accordion-f5cadf3\">\n\t\t\t\t\t\t\t\t\t\t\t\t\t\t\t\t\t\t\t\t<div class=\"trx-addons-image-accordion-item elementor-repeater-item-a1b8d3e\">\n\t\t\t\t\t\t\t\t\t\t\t\t\t\t<div class=\"trx-addons-image-accordion-item-inner\" style=\"background-image: url(https:\/\/atelierevrard.com\/wp-content\/uploads\/2025\/12\/bijouxatelierevrard01.png);\"><\/div>\n\t\t\t\t\t\t\t<div class=\"trx-addons-image-accordion-below-content\">\n\t\t\t\t\t\t\t\t<div class=\"trx-addons-image-accordion-content-wrap\">\n\t\t\t\t\t\t\t\t\t<div class=\"trx-addons-image-accordion-content\">\n\t\t\t\t\t\t\t\t\t\t\t\t\t\t\t\t\t\t\t\t<h6 class=\"trx-addons-image-accordion-title\">\n\t\t\t\t\t\t\t\t\t\t\t\t\t\t\t\t\t\t\t\t\t<\/h6>\n\t\t\t\t\t\t\t\t\t\t<div class=\"trx-addons-image-accordion-description\">\n\t\t\t\t\t\t\t\t\t\t\t\t\t\t\t\t\t\t\t\t\t<\/div>\n\t\t\t\t\t\t\t\t\t\t\t\t\t\t\t\t\t\t\t<\/div>\n\t\t\t\t\t\t\t\t<\/div>\n\t\t\t\t\t\t\t<\/div>\n\t\t\t\t\t\t<\/div>\n\t\t\t\t\t\t\t\t\t\t\t\t\t\t\t\t\t\t\t\t\t\t\t\t\t<div class=\"trx-addons-image-accordion-item elementor-repeater-item-0b66301\">\n\t\t\t\t\t\t\t\t\t\t\t\t\t\t<div class=\"trx-addons-image-accordion-item-inner\" style=\"background-image: url(https:\/\/atelierevrard.com\/wp-content\/uploads\/2025\/12\/bijouxatelierevrard02.png);\"><\/div>\n\t\t\t\t\t\t\t<div class=\"trx-addons-image-accordion-below-content\">\n\t\t\t\t\t\t\t\t<div class=\"trx-addons-image-accordion-content-wrap\">\n\t\t\t\t\t\t\t\t\t<div class=\"trx-addons-image-accordion-content\">\n\t\t\t\t\t\t\t\t\t\t\t\t\t\t\t\t\t\t\t\t<h6 class=\"trx-addons-image-accordion-title\">\n\t\t\t\t\t\t\t\t\t\t\t\t\t\t\t\t\t\t\t\t\t<\/h6>\n\t\t\t\t\t\t\t\t\t\t<div class=\"trx-addons-image-accordion-description\">\n\t\t\t\t\t\t\t\t\t\t\t\t\t\t\t\t\t\t\t\t\t<\/div>\n\t\t\t\t\t\t\t\t\t\t\t\t\t\t\t\t\t\t\t<\/div>\n\t\t\t\t\t\t\t\t<\/div>\n\t\t\t\t\t\t\t<\/div>\n\t\t\t\t\t\t<\/div>\n\t\t\t\t\t\t\t\t\t\t\t\t\t\t\t\t\t\t\t\t\t\t\t\t\t<div class=\"trx-addons-image-accordion-item elementor-repeater-item-a481eab\">\n\t\t\t\t\t\t\t\t\t\t\t\t\t\t<div class=\"trx-addons-image-accordion-item-inner\" style=\"background-image: url(https:\/\/atelierevrard.com\/wp-content\/uploads\/2025\/12\/bijouxatelierevrard03.png);\"><\/div>\n\t\t\t\t\t\t\t<div class=\"trx-addons-image-accordion-below-content\">\n\t\t\t\t\t\t\t\t<div class=\"trx-addons-image-accordion-content-wrap\">\n\t\t\t\t\t\t\t\t\t<div class=\"trx-addons-image-accordion-content\">\n\t\t\t\t\t\t\t\t\t\t\t\t\t\t\t\t\t\t\t\t<h6 class=\"trx-addons-image-accordion-title\">\n\t\t\t\t\t\t\t\t\t\t\t\t\t\t\t\t\t\t\t\t\t<\/h6>\n\t\t\t\t\t\t\t\t\t\t<div class=\"trx-addons-image-accordion-description\">\n\t\t\t\t\t\t\t\t\t\t\t\t\t\t\t\t\t\t\t\t\t<\/div>\n\t\t\t\t\t\t\t\t\t\t\t\t\t\t\t\t\t\t\t<\/div>\n\t\t\t\t\t\t\t\t<\/div>\n\t\t\t\t\t\t\t<\/div>\n\t\t\t\t\t\t<\/div>\n\t\t\t\t\t\t\t\t\t\t\t\t<\/div>\n\t\t\t\t\t\t<\/div>\n\t\t\t\t<\/div>\n\t\t\t\t<\/div>\n\t\t\t\t<\/div>\n\t\t<div class=\"elementor-element elementor-element-2e0c5be e-flex e-con-boxed sc_layouts_column_icons_position_left e-con e-parent\" data-id=\"2e0c5be\" data-element_type=\"container\" data-e-type=\"container\">\n\t\t\t\t\t<div class=\"e-con-inner\">\n\t\t<div class=\"elementor-element elementor-element-3b3d481 e-con-full e-flex sc_layouts_column_icons_position_left e-con e-child\" data-id=\"3b3d481\" data-element_type=\"container\" data-e-type=\"container\">\n\t\t\t\t<div data-animation-type=\"block\" class=\"elementor-element elementor-element-0bc0f43 elementor-widget__width-initial animation_type_block sc_fly_static elementor-invisible elementor-widget elementor-widget-heading\" data-id=\"0bc0f43\" data-element_type=\"widget\" data-e-type=\"widget\" data-settings=\"{&quot;_animation&quot;:&quot;ta_fadeinup&quot;,&quot;_animation_delay&quot;:100}\" data-widget_type=\"heading.default\">\n\t\t\t\t\t<h2 class=\"elementor-heading-title elementor-size-default\">Vous avez un projet de bijou sur mesure \u00e0 Namur ?\u2028<br>Cr\u00e9ation, transformation ou remise en \u00e9tat :\nl\u2019Atelier Evrard vous accompagne\navec pr\u00e9cision et discr\u00e9tion.<\/h2>\t\t\t\t<\/div>\n\t\t\t\t<div data-animation-type=\"block\" class=\"elementor-element elementor-element-831d922 animation_type_block sc_fly_static elementor-invisible elementor-widget elementor-widget-button\" data-id=\"831d922\" data-element_type=\"widget\" data-e-type=\"widget\" data-settings=\"{&quot;_animation&quot;:&quot;ta_fadeinup&quot;}\" data-widget_type=\"button.default\">\n\t\t\t\t\t\t\t\t\t\t<a class=\"elementor-button elementor-button-link elementor-size-sm\" href=\"http:\/\/atelierevrard.com\/?page_id=54\">\n\t\t\t\t\t\t<span class=\"elementor-button-content-wrapper\">\n\t\t\t\t\t\t\t\t\t<span class=\"elementor-button-text\">Passage \u00e0 l'Atelier<\/span>\n\t\t\t\t\t<\/span>\n\t\t\t\t\t<\/a>\n\t\t\t\t\t\t\t\t<\/div>\n\t\t\t\t<\/div>\n\t\t\t\t\t<\/div>\n\t\t\t\t<\/div>\n\t\t\t\t<\/div>\n\t\t","protected":false},"excerpt":{"rendered":"<p>BIJOUX S\u00e9lection soign\u00e9e &amp; cr\u00e9ations artisanales&hellip;<\/p>\n","protected":false},"author":1,"featured_media":0,"parent":0,"menu_order":0,"comment_status":"closed","ping_status":"closed","template":"elementor_theme","meta":{"footnotes":""},"class_list":["post-43","page","type-page","status-publish","hentry"],"_links":{"self":[{"href":"https:\/\/atelierevrard.com\/index.php?rest_route=\/wp\/v2\/pages\/43","targetHints":{"allow":["GET"]}}],"collection":[{"href":"https:\/\/atelierevrard.com\/index.php?rest_route=\/wp\/v2\/pages"}],"about":[{"href":"https:\/\/atelierevrard.com\/index.php?rest_route=\/wp\/v2\/types\/page"}],"author":[{"embeddable":true,"href":"https:\/\/atelierevrard.com\/index.php?rest_route=\/wp\/v2\/users\/1"}],"replies":[{"embeddable":true,"href":"https:\/\/atelierevrard.com\/index.php?rest_route=%2Fwp%2Fv2%2Fcomments&post=43"}],"version-history":[{"count":92,"href":"https:\/\/atelierevrard.com\/index.php?rest_route=\/wp\/v2\/pages\/43\/revisions"}],"predecessor-version":[{"id":635,"href":"https:\/\/atelierevrard.com\/index.php?rest_route=\/wp\/v2\/pages\/43\/revisions\/635"}],"wp:attachment":[{"href":"https:\/\/atelierevrard.com\/index.php?rest_route=%2Fwp%2Fv2%2Fmedia&parent=43"}],"curies":[{"name":"wp","href":"https:\/\/api.w.org\/{rel}","templated":true}]}}