 {"id":339,"date":"2025-12-16T13:28:59","date_gmt":"2025-12-16T13:28:59","guid":{"rendered":"http:\/\/atelierevrard.com\/?page_id=339"},"modified":"2026-01-07T10:34:38","modified_gmt":"2026-01-07T10:34:38","slug":"horlogerie","status":"publish","type":"page","link":"https:\/\/atelierevrard.com\/?page_id=339","title":{"rendered":"Horlogerie"},"content":{"rendered":"\t\t<div data-elementor-type=\"wp-page\" data-elementor-id=\"339\" class=\"elementor elementor-339\" data-elementor-post-type=\"page\">\n\t\t\t\t<div data-animation-type=\"block\" class=\"elementor-element elementor-element-dbb44fa e-con-full e-flex sc_layouts_column_icons_position_left animation_type_block elementor-invisible e-con e-parent\" data-id=\"dbb44fa\" data-element_type=\"container\" data-e-type=\"container\" data-settings=\"{&quot;background_background&quot;:&quot;classic&quot;,&quot;animation&quot;:&quot;ta_fadein&quot;}\">\n\t\t<div class=\"elementor-element elementor-element-ce218f0 e-con-full e-flex sc_layouts_column_icons_position_left e-con e-child\" data-id=\"ce218f0\" data-element_type=\"container\" data-e-type=\"container\">\n\t\t<div class=\"elementor-element elementor-element-1fbffa1 e-con-full e-flex sc_layouts_column_icons_position_left e-con e-child\" data-id=\"1fbffa1\" data-element_type=\"container\" data-e-type=\"container\">\n\t\t\t\t<div data-animation-type=\"char\" data-animation-stagger=\"8\" class=\"elementor-element elementor-element-4dca2b3 elementor-widget__width-initial animation_type_char sc_fly_static elementor-invisible elementor-widget elementor-widget-heading\" data-id=\"4dca2b3\" data-element_type=\"widget\" data-e-type=\"widget\" data-settings=\"{&quot;_animation&quot;:&quot;ta_fadeinup&quot;}\" data-widget_type=\"heading.default\">\n\t\t\t\t\t<h1 class=\"elementor-heading-title elementor-size-default\">HORLOGERIE<\/h1>\t\t\t\t<\/div>\n\t\t\t\t<div data-animation-type=\"char\" data-animation-stagger=\"8\" class=\"elementor-element elementor-element-a3617eb elementor-widget__width-initial animation_type_char sc_fly_static elementor-invisible elementor-widget elementor-widget-heading\" data-id=\"a3617eb\" data-element_type=\"widget\" data-e-type=\"widget\" data-settings=\"{&quot;_animation&quot;:&quot;ta_fadeinup&quot;}\" data-widget_type=\"heading.default\">\n\t\t\t\t\t<h2 class=\"elementor-heading-title elementor-size-default\">Montres s\u00e9lectionn\u00e9es\n<br>&amp; expertise de l\u2019atelier \u00e0 Namur<\/h2>\t\t\t\t<\/div>\n\t\t\t\t<div data-animation-type=\"block\" class=\"elementor-element elementor-element-1bf9fa9 elementor-widget__width-initial animation_type_block sc_fly_static elementor-invisible elementor-widget elementor-widget-text-editor\" data-id=\"1bf9fa9\" data-element_type=\"widget\" data-e-type=\"widget\" data-settings=\"{&quot;_animation&quot;:&quot;ta_fadeinup&quot;,&quot;_animation_delay&quot;:200}\" data-widget_type=\"text-editor.default\">\n\t\t\t\t\t\t\t\t\t<p>L\u2019Atelier Evrard propose \u00e0 Namur une s\u00e9lection de montres fiables, durables et soigneusement choisies.<br \/>\u2028Que ce soit pour une montre du quotidien, un mod\u00e8le technique ou un premier achat, chaque pi\u00e8ce vous est pr\u00e9sent\u00e9e avec notre expertise.<\/p>\t\t\t\t\t\t\t\t<\/div>\n\t\t\t\t<\/div>\n\t\t\t\t<\/div>\n\t\t\t\t<\/div>\n\t\t<div class=\"elementor-element elementor-element-26f085d e-con-full e-flex sc_layouts_column_icons_position_left e-con e-parent\" data-id=\"26f085d\" data-element_type=\"container\" data-e-type=\"container\">\n\t\t<div class=\"e-con-gap-no elementor-element elementor-element-7315a93 e-flex e-con-boxed sc_layouts_column_icons_position_left e-con e-child\" data-id=\"7315a93\" data-element_type=\"container\" data-e-type=\"container\">\n\t\t\t\t\t<div class=\"e-con-inner\">\n\t\t<div class=\"elementor-element elementor-element-f515481 e-con-full e-flex sc_layouts_column_icons_position_left e-con e-child\" data-id=\"f515481\" data-element_type=\"container\" data-e-type=\"container\">\n\t\t\t\t<div data-animation-type=\"block\" class=\"elementor-element elementor-element-0741389 animation_type_block sc_fly_static elementor-invisible elementor-widget elementor-widget-heading\" data-id=\"0741389\" data-element_type=\"widget\" data-e-type=\"widget\" data-settings=\"{&quot;_animation&quot;:&quot;ta_fadeinup&quot;}\" data-widget_type=\"heading.default\">\n\t\t\t\t\t<h1 class=\"elementor-heading-title elementor-size-default\">LES MARQUES<\/h1>\t\t\t\t<\/div>\n\t\t\t\t<\/div>\n\t\t\t\t\t<\/div>\n\t\t\t\t<\/div>\n\t\t<div class=\"elementor-element elementor-element-4f08298 e-con-full e-flex sc_layouts_column_icons_position_left e-con e-child\" data-id=\"4f08298\" data-element_type=\"container\" data-e-type=\"container\">\n\t\t\t\t<div data-animation-type=\"block\" class=\"elementor-element elementor-element-180f67e trx-addons-image-accordion-stack-on-mobile trx-addons-image-accordion-orientation-vertical animation_type_block sc_fly_static elementor-invisible elementor-widget elementor-widget-trx_elm_image_accordion\" data-id=\"180f67e\" data-element_type=\"widget\" data-e-type=\"widget\" data-settings=\"{&quot;stack_on&quot;:&quot;mobile&quot;,&quot;_animation&quot;:&quot;ta_fadeinup&quot;,&quot;accordion_action&quot;:&quot;on-hover&quot;,&quot;orientation&quot;:&quot;vertical&quot;,&quot;disable_body_click&quot;:&quot;no&quot;}\" data-widget_type=\"trx_elm_image_accordion.default\">\n\t\t\t\t<div class=\"elementor-widget-container\">\n\t\t\t\t\t\t\t\t<div class=\"trx-addons-image-accordion trx-addons-image-accordion-on-hover trx-addons-image-accordion-below\" id=\"trx-addons-image-accordion-180f67e\">\n\t\t\t\t\t\t\t\t\t\t\t\t\t\t\t\t\t\t\t\t<div class=\"trx-addons-image-accordion-item elementor-repeater-item-a1b8d3e\">\n\t\t\t\t\t\t\t\t\t\t\t\t\t\t<div class=\"trx-addons-image-accordion-item-inner\" style=\"background-image: url(https:\/\/atelierevrard.com\/wp-content\/uploads\/2025\/12\/michel-herbelin.png);\"><\/div>\n\t\t\t\t\t\t\t<div class=\"trx-addons-image-accordion-below-content\">\n\t\t\t\t\t\t\t\t<div class=\"trx-addons-image-accordion-content-wrap\">\n\t\t\t\t\t\t\t\t\t<div class=\"trx-addons-image-accordion-content\">\n\t\t\t\t\t\t\t\t\t\t\t\t\t\t\t\t\t\t\t\t<h6 class=\"trx-addons-image-accordion-title\">\n\t\t\t\t\t\t\t\t\t\t\tHerbelin\t\t\t\t\t\t\t\t\t\t<\/h6>\n\t\t\t\t\t\t\t\t\t\t<div class=\"trx-addons-image-accordion-description\">\n\t\t\t\t\t\t\t\t\t\t\t<p>\u00c9l\u00e9gance contemporaine et pr\u00e9cision fran\u00e7aise.<\/p>\t\t\t\t\t\t\t\t\t\t<\/div>\n\t\t\t\t\t\t\t\t\t\t\t\t\t\t\t\t\t\t\t<\/div>\n\t\t\t\t\t\t\t\t<\/div>\n\t\t\t\t\t\t\t<\/div>\n\t\t\t\t\t\t<\/div>\n\t\t\t\t\t\t\t\t\t\t\t\t\t\t\t\t\t\t\t\t\t\t\t\t\t<div class=\"trx-addons-image-accordion-item elementor-repeater-item-0b66301\">\n\t\t\t\t\t\t\t\t\t\t\t\t\t\t<div class=\"trx-addons-image-accordion-item-inner\" style=\"background-image: url(https:\/\/atelierevrard.com\/wp-content\/uploads\/2026\/01\/1000024749.jpg);\"><\/div>\n\t\t\t\t\t\t\t<div class=\"trx-addons-image-accordion-below-content\">\n\t\t\t\t\t\t\t\t<div class=\"trx-addons-image-accordion-content-wrap\">\n\t\t\t\t\t\t\t\t\t<div class=\"trx-addons-image-accordion-content\">\n\t\t\t\t\t\t\t\t\t\t\t\t\t\t\t\t\t\t\t\t<h6 class=\"trx-addons-image-accordion-title\">\n\t\t\t\t\t\t\t\t\t\t\tSeiko\t\t\t\t\t\t\t\t\t\t<\/h6>\n\t\t\t\t\t\t\t\t\t\t<div class=\"trx-addons-image-accordion-description\">\n\t\t\t\t\t\t\t\t\t\t\t<p>R\u00e9f\u00e9rence japonaise : technicit\u00e9, pr\u00e9cision, long\u00e9vit\u00e9.<\/p>\t\t\t\t\t\t\t\t\t\t<\/div>\n\t\t\t\t\t\t\t\t\t\t\t\t\t\t\t\t\t\t\t<\/div>\n\t\t\t\t\t\t\t\t<\/div>\n\t\t\t\t\t\t\t<\/div>\n\t\t\t\t\t\t<\/div>\n\t\t\t\t\t\t\t\t\t\t\t\t\t\t\t\t\t\t\t\t\t\t\t\t\t<div class=\"trx-addons-image-accordion-item elementor-repeater-item-a481eab\">\n\t\t\t\t\t\t\t\t\t\t\t\t\t\t<div class=\"trx-addons-image-accordion-item-inner\" style=\"background-image: url(https:\/\/atelierevrard.com\/wp-content\/uploads\/2026\/01\/1000024750.jpg);\"><\/div>\n\t\t\t\t\t\t\t<div class=\"trx-addons-image-accordion-below-content\">\n\t\t\t\t\t\t\t\t<div class=\"trx-addons-image-accordion-content-wrap\">\n\t\t\t\t\t\t\t\t\t<div class=\"trx-addons-image-accordion-content\">\n\t\t\t\t\t\t\t\t\t\t\t\t\t\t\t\t\t\t\t\t<h6 class=\"trx-addons-image-accordion-title\">\n\t\t\t\t\t\t\t\t\t\t\tCasio\t\t\t\t\t\t\t\t\t\t<\/h6>\n\t\t\t\t\t\t\t\t\t\t<div class=\"trx-addons-image-accordion-description\">\n\t\t\t\t\t\t\t\t\t\t\t<p>Montres robustes, pratiques, intemporelles.<\/p>\t\t\t\t\t\t\t\t\t\t<\/div>\n\t\t\t\t\t\t\t\t\t\t\t\t\t\t\t\t\t\t\t<\/div>\n\t\t\t\t\t\t\t\t<\/div>\n\t\t\t\t\t\t\t<\/div>\n\t\t\t\t\t\t<\/div>\n\t\t\t\t\t\t\t\t\t\t\t\t\t\t\t\t\t\t\t\t\t\t\t\t\t<div class=\"trx-addons-image-accordion-item elementor-repeater-item-a904a8c\">\n\t\t\t\t\t\t\t\t\t\t\t\t\t\t<div class=\"trx-addons-image-accordion-item-inner\" style=\"background-image: url(https:\/\/atelierevrard.com\/wp-content\/uploads\/2025\/12\/ollechetwajs.png);\"><\/div>\n\t\t\t\t\t\t\t<div class=\"trx-addons-image-accordion-below-content\">\n\t\t\t\t\t\t\t\t<div class=\"trx-addons-image-accordion-content-wrap\">\n\t\t\t\t\t\t\t\t\t<div class=\"trx-addons-image-accordion-content\">\n\t\t\t\t\t\t\t\t\t\t\t\t\t\t\t\t\t\t\t\t<h6 class=\"trx-addons-image-accordion-title\">\n\t\t\t\t\t\t\t\t\t\t\tOllech &amp; Wajs\t\t\t\t\t\t\t\t\t\t<\/h6>\n\t\t\t\t\t\t\t\t\t\t<div class=\"trx-addons-image-accordion-description\">\n\t\t\t\t\t\t\t\t\t\t\t<p>Horlogerie suisse ind\u00e9pendante : esprit outil, fiabilit\u00e9 \u00e9prouv\u00e9e.<\/p>\t\t\t\t\t\t\t\t\t\t<\/div>\n\t\t\t\t\t\t\t\t\t\t\t\t\t\t\t\t\t\t\t<\/div>\n\t\t\t\t\t\t\t\t<\/div>\n\t\t\t\t\t\t\t<\/div>\n\t\t\t\t\t\t<\/div>\n\t\t\t\t\t\t\t\t\t\t\t\t<\/div>\n\t\t\t\t\t\t<\/div>\n\t\t\t\t<\/div>\n\t\t\t\t<\/div>\n\t\t\t\t<\/div>\n\t\t<div class=\"elementor-element elementor-element-0caeed3 e-flex e-con-boxed sc_layouts_column_icons_position_left e-con e-parent\" data-id=\"0caeed3\" data-element_type=\"container\" data-e-type=\"container\" data-settings=\"{&quot;background_background&quot;:&quot;classic&quot;}\">\n\t\t\t\t\t<div class=\"e-con-inner\">\n\t\t<div class=\"elementor-element elementor-element-b7e0813 e-con-full e-flex sc_layouts_column_icons_position_left e-con e-child\" data-id=\"b7e0813\" data-element_type=\"container\" data-e-type=\"container\">\n\t\t\t\t<div data-animation-type=\"block\" class=\"elementor-element elementor-element-da9970c animation_type_block sc_fly_static elementor-invisible elementor-widget elementor-widget-heading\" data-id=\"da9970c\" data-element_type=\"widget\" data-e-type=\"widget\" data-settings=\"{&quot;_animation&quot;:&quot;ta_fadeinup&quot;}\" data-widget_type=\"heading.default\">\n\t\t\t\t\t<h1 class=\"elementor-heading-title elementor-size-default\">Expertise horlog\u00e8re<\/h1>\t\t\t\t<\/div>\n\t\t\t\t<div data-animation-type=\"block\" class=\"elementor-element elementor-element-c544ae6 animation_type_block sc_fly_static elementor-invisible elementor-widget elementor-widget-heading\" data-id=\"c544ae6\" data-element_type=\"widget\" data-e-type=\"widget\" data-settings=\"{&quot;_animation&quot;:&quot;ta_fadeinup&quot;}\" data-widget_type=\"heading.default\">\n\t\t\t\t\t<h2 class=\"elementor-heading-title elementor-size-default\">R\u00e9parations, entretiens <BR>&amp; services horlogers \u00e0 Namur<\/h2>\t\t\t\t<\/div>\n\t\t\t\t<\/div>\n\t\t<div class=\"elementor-element elementor-element-fd09afa e-con-full e-flex sc_layouts_column_icons_position_left e-con e-child\" data-id=\"fd09afa\" data-element_type=\"container\" data-e-type=\"container\">\n\t\t\t\t<div data-animation-type=\"block\" class=\"elementor-element elementor-element-7775dc9 trx-addons-animate animation_type_block sc_fly_static elementor-invisible elementor-widget elementor-widget-trx_elm_advanced_title\" data-id=\"7775dc9\" data-element_type=\"widget\" data-e-type=\"widget\" data-settings=\"{&quot;_animation&quot;:&quot;ta_fadeinup&quot;,&quot;_animation_delay&quot;:100}\" data-widget_type=\"trx_elm_advanced_title.default\">\n\t\t\t\t<div class=\"elementor-widget-container\">\n\t\t\t\t\t<p class=\"trx-addons-advanced-title\" style=\"--var-trx-addons-advanced-title-highlight-animation-duration: 2000ms;\">\n<span class=\"trx-addons-advanced-title-item trx-addons-advanced-title-item-text elementor-repeater-item-b977371\">L\u2019Atelier Evrard assure le diagnostic, la r\u00e9paration et l\u2019entretien de vos montres : changement de pile, r\u00e9glage, remplacement de bracelet, contr\u00f4le d\u2019\u00e9tanch\u00e9it\u00e9, polissage ou entretien complet.\u2028\nChaque intervention est expliqu\u00e9e clairement et r\u00e9alis\u00e9e avec rigueur.\n<\/span><\/p>\t\t\t\t<\/div>\n\t\t\t\t<\/div>\n\t\t\t\t<\/div>\n\t\t\t\t\t<\/div>\n\t\t\t\t<\/div>\n\t\t<div class=\"elementor-element elementor-element-2e0c5be e-flex e-con-boxed sc_layouts_column_icons_position_left e-con e-parent\" data-id=\"2e0c5be\" data-element_type=\"container\" data-e-type=\"container\" data-settings=\"{&quot;background_background&quot;:&quot;classic&quot;}\">\n\t\t\t\t\t<div class=\"e-con-inner\">\n\t\t<div class=\"elementor-element elementor-element-3b3d481 e-con-full e-flex sc_layouts_column_icons_position_left e-con e-child\" data-id=\"3b3d481\" data-element_type=\"container\" data-e-type=\"container\">\n\t\t\t\t<div data-animation-type=\"block\" class=\"elementor-element elementor-element-0bc0f43 elementor-widget__width-initial animation_type_block sc_fly_static elementor-invisible elementor-widget elementor-widget-heading\" data-id=\"0bc0f43\" data-element_type=\"widget\" data-e-type=\"widget\" data-settings=\"{&quot;_animation&quot;:&quot;ta_fadeinup&quot;,&quot;_animation_delay&quot;:100}\" data-widget_type=\"heading.default\">\n\t\t\t\t\t<h2 class=\"elementor-heading-title elementor-size-default\">Besoin d\u2019un conseil horloger, <br>d\u2019une r\u00e9paration de montre <br>ou d\u2019un avis technique \u00e0 Namur ?<\/h2>\t\t\t\t<\/div>\n\t\t\t\t<div data-animation-type=\"block\" class=\"elementor-element elementor-element-831d922 animation_type_block sc_fly_static elementor-invisible elementor-widget elementor-widget-button\" data-id=\"831d922\" data-element_type=\"widget\" data-e-type=\"widget\" data-settings=\"{&quot;_animation&quot;:&quot;ta_fadeinup&quot;}\" data-widget_type=\"button.default\">\n\t\t\t\t\t\t\t\t\t\t<a class=\"elementor-button elementor-button-link elementor-size-sm\" href=\"http:\/\/atelierevrard.com\/?page_id=54\">\n\t\t\t\t\t\t<span class=\"elementor-button-content-wrapper\">\n\t\t\t\t\t\t\t\t\t<span class=\"elementor-button-text\">Passage \u00e0 l'Atelier<\/span>\n\t\t\t\t\t<\/span>\n\t\t\t\t\t<\/a>\n\t\t\t\t\t\t\t\t<\/div>\n\t\t\t\t<\/div>\n\t\t\t\t\t<\/div>\n\t\t\t\t<\/div>\n\t\t\t\t<\/div>\n\t\t","protected":false},"excerpt":{"rendered":"<p>HORLOGERIE Montres s\u00e9lectionn\u00e9es &amp; expertise de&hellip;<\/p>\n","protected":false},"author":1,"featured_media":0,"parent":0,"menu_order":0,"comment_status":"closed","ping_status":"closed","template":"elementor_theme","meta":{"footnotes":""},"class_list":["post-339","page","type-page","status-publish","hentry"],"_links":{"self":[{"href":"https:\/\/atelierevrard.com\/index.php?rest_route=\/wp\/v2\/pages\/339","targetHints":{"allow":["GET"]}}],"collection":[{"href":"https:\/\/atelierevrard.com\/index.php?rest_route=\/wp\/v2\/pages"}],"about":[{"href":"https:\/\/atelierevrard.com\/index.php?rest_route=\/wp\/v2\/types\/page"}],"author":[{"embeddable":true,"href":"https:\/\/atelierevrard.com\/index.php?rest_route=\/wp\/v2\/users\/1"}],"replies":[{"embeddable":true,"href":"https:\/\/atelierevrard.com\/index.php?rest_route=%2Fwp%2Fv2%2Fcomments&post=339"}],"version-history":[{"count":49,"href":"https:\/\/atelierevrard.com\/index.php?rest_route=\/wp\/v2\/pages\/339\/revisions"}],"predecessor-version":[{"id":604,"href":"https:\/\/atelierevrard.com\/index.php?rest_route=\/wp\/v2\/pages\/339\/revisions\/604"}],"wp:attachment":[{"href":"https:\/\/atelierevrard.com\/index.php?rest_route=%2Fwp%2Fv2%2Fmedia&parent=339"}],"curies":[{"name":"wp","href":"https:\/\/api.w.org\/{rel}","templated":true}]}}